{"id":2341,"date":"2023-02-08T11:04:35","date_gmt":"2023-02-08T08:04:35","guid":{"rendered":"https:\/\/yakamoz.com\/stok2\/?post_type=product&#038;p=2341"},"modified":"2024-10-26T03:32:04","modified_gmt":"2024-10-26T00:32:04","slug":"karadut-aromali-icecek-1000ml","status":"publish","type":"product","link":"https:\/\/yakamoz.com\/en\/product\/karadut-aromali-icecek-1000ml\/","title":{"rendered":"Karadut Aromal\u0131 \u0130\u00e7ecek 1000ml"},"content":{"rendered":"<section class=\"elementor-section elementor-top-section elementor-element elementor-element-094830a elementor-section-boxed elementor-section-height-default elementor-section-height-default qodef-elementor-content-no\" data-id=\"094830a\" data-element_type=\"section\">\n<div class=\"elementor-container elementor-column-gap-default\">\n<div class=\"elementor-column elementor-col-100 elementor-top-column elementor-element elementor-element-99f76fe\" data-id=\"99f76fe\" data-element_type=\"column\">\n<div class=\"elementor-widget-wrap elementor-element-populated\">\n<div class=\"elementor-element elementor-element-192d03c elementor-widget__width-initial elementor-absolute elementor-widget elementor-widget-text-editor\" data-id=\"192d03c\" data-element_type=\"widget\" data-settings=\"{&quot;_position&quot;:&quot;absolute&quot;}\" data-widget_type=\"text-editor.default\">\n<div class=\"elementor-widget-container\">\n<div id=\"output-content\">\n<section class=\"elementor-section elementor-top-section elementor-element elementor-element-094830a elementor-section-boxed elementor-section-height-default elementor-section-height-default qodef-elementor-content-no\" data-id=\"094830a\" data-element_type=\"section\">\n<div class=\"elementor-container elementor-column-gap-default\">\n<div class=\"elementor-column elementor-col-100 elementor-top-column elementor-element elementor-element-99f76fe\" data-id=\"99f76fe\" data-element_type=\"column\">\n<div class=\"elementor-widget-wrap elementor-element-populated\">\n<div class=\"elementor-element elementor-element-3d716d9 elementor-widget__width-initial elementor-absolute elementor-widget elementor-widget-text-editor\" data-id=\"3d716d9\" data-element_type=\"widget\" data-settings=\"{&quot;_position&quot;:&quot;absolute&quot;}\" data-widget_type=\"text-editor.default\">\n<div class=\"elementor-widget-container\">\n<section class=\"elementor-section elementor-top-section elementor-element elementor-element-094830a elementor-section-boxed elementor-section-height-default elementor-section-height-default qodef-elementor-content-no\" data-id=\"094830a\" data-element_type=\"section\">\n<div class=\"elementor-container elementor-column-gap-default\">\n<div class=\"elementor-column elementor-col-100 elementor-top-column elementor-element elementor-element-99f76fe\" data-id=\"99f76fe\" data-element_type=\"column\">\n<div class=\"elementor-widget-wrap elementor-element-populated\">\n<div class=\"elementor-element elementor-element-192d03c elementor-widget__width-initial elementor-absolute elementor-widget elementor-widget-text-editor\" data-id=\"192d03c\" data-element_type=\"widget\" data-settings=\"{&quot;_position&quot;:&quot;absolute&quot;}\" data-widget_type=\"text-editor.default\">\n<div class=\"elementor-widget-container\">\n<div id=\"output-content\">\n<p>Karadut, antioksidan a\u00e7\u0131s\u0131ndan olduk\u00e7a y\u00fcksek olan bir meyvedir.<\/p>\n<p>Karadut i\u00e7erdi\u011fi A, B, C, D, E ve K vitaminleri ve potasyum sodyum niasin gibi yararl\u0131 maddeler bulundu\u011fundan dolay\u0131 v\u00fccudumuza her y\u00f6nden fayda sa\u011flayabilmektedir.<\/p>\n<p>\u0130\u00e7eri\u011findeki g\u00fc\u00e7l\u00fc antioksidanlar ile ba\u011f\u0131\u015f\u0131kl\u0131k sistemine katk\u0131 sa\u011flayan nar sirkesi, ayn\u0131 zamanda kas ve eklem geli\u015fimi noktas\u0131nda da olduk\u00e7a etkilidir. Di\u011fer meyve sirkelerinde oldu\u011fu gibi nar sirkesi de potasyum, kalsiyum, fosfor ve magnezyum i\u00e7erir.<\/p>\n<p>Bunlara ek olarak, C ve E vitaminleri ihtiva eder.<\/p>\n<p>\u00c7al\u0131\u015fmalar, yeterince magnezyum t\u00fcketmenin katarakt, metabolik sendrom, migren ve diyabet riskini azaltmaya yard\u0131mc\u0131 olabilece\u011fini g\u00f6stermi\u015ftir.<\/p>\n<\/div>\n<\/div>\n<\/div>\n<\/div>\n<\/div>\n<\/div>\n<\/section>\n<\/div>\n<\/div>\n<\/div>\n<\/div>\n<\/div>\n<\/section>\n<\/div>\n<\/div>\n<\/div>\n<\/div>\n<\/div>\n<\/div>\n<\/section>","protected":false},"excerpt":{"rendered":"<p>Karadut, antioksidan a\u00e7\u0131s\u0131ndan olduk\u00e7a y\u00fcksek olan bir meyvedir. Karadut i\u00e7erdi\u011fi A, B, C, D, E ve K vitaminleri ve potasyum sodyum niasin gibi yararl\u0131 maddeler bulundu\u011fundan dolay\u0131 v\u00fccudumuza her y\u00f6nden fayda sa\u011flayabilmektedir. \u0130\u00e7eri\u011findeki g\u00fc\u00e7l\u00fc antioksidanlar ile ba\u011f\u0131\u015f\u0131kl\u0131k sistemine katk\u0131 sa\u011flayan nar sirkesi, ayn\u0131 zamanda kas ve eklem geli\u015fimi noktas\u0131nda da olduk\u00e7a etkilidir. Di\u011fer meyve sirkelerinde [&hellip;]<\/p>","protected":false},"featured_media":0,"comment_status":"open","ping_status":"closed","template":"","meta":[],"product_cat":[61,69],"product_tag":[],"_links":{"self":[{"href":"https:\/\/yakamoz.com\/en\/wp-json\/wp\/v2\/product\/2341"}],"collection":[{"href":"https:\/\/yakamoz.com\/en\/wp-json\/wp\/v2\/product"}],"about":[{"href":"https:\/\/yakamoz.com\/en\/wp-json\/wp\/v2\/types\/product"}],"replies":[{"embeddable":true,"href":"https:\/\/yakamoz.com\/en\/wp-json\/wp\/v2\/comments?post=2341"}],"wp:attachment":[{"href":"https:\/\/yakamoz.com\/en\/wp-json\/wp\/v2\/media?parent=2341"}],"wp:term":[{"taxonomy":"product_cat","embeddable":true,"href":"https:\/\/yakamoz.com\/en\/wp-json\/wp\/v2\/product_cat?post=2341"},{"taxonomy":"product_tag","embeddable":true,"href":"https:\/\/yakamoz.com\/en\/wp-json\/wp\/v2\/product_tag?post=2341"}],"curies":[{"name":"wp","href":"https:\/\/api.w.org\/{rel}","templated":true}]}}