{"id":2241,"date":"2023-02-05T17:15:01","date_gmt":"2023-02-05T14:15:01","guid":{"rendered":"https:\/\/yakamoz.com\/stok2\/?post_type=product&#038;p=2241"},"modified":"2023-02-05T17:18:03","modified_gmt":"2023-02-05T14:18:03","slug":"salgam-suyu-2000ml","status":"publish","type":"product","link":"https:\/\/yakamoz.com\/en\/product\/salgam-suyu-2000ml\/","title":{"rendered":"\u015ealgam Suyu 2000ml"},"content":{"rendered":"<section class=\"elementor-section elementor-top-section elementor-element elementor-element-094830a elementor-section-boxed elementor-section-height-default elementor-section-height-default qodef-elementor-content-no\" data-id=\"094830a\" data-element_type=\"section\">\n<div class=\"elementor-container elementor-column-gap-default\">\n<div class=\"elementor-column elementor-col-100 elementor-top-column elementor-element elementor-element-99f76fe\" data-id=\"99f76fe\" data-element_type=\"column\">\n<div class=\"elementor-widget-wrap elementor-element-populated\">\n<div class=\"elementor-element elementor-element-192d03c elementor-widget__width-initial elementor-absolute elementor-widget elementor-widget-text-editor\" data-id=\"192d03c\" data-element_type=\"widget\" data-settings=\"{&quot;_position&quot;:&quot;absolute&quot;}\" data-widget_type=\"text-editor.default\">\n<div class=\"elementor-widget-container\">\n<div id=\"output-content\">\n<section class=\"elementor-section elementor-top-section elementor-element elementor-element-094830a elementor-section-boxed elementor-section-height-default elementor-section-height-default qodef-elementor-content-no\" data-id=\"094830a\" data-element_type=\"section\">\n<div class=\"elementor-container elementor-column-gap-default\">\n<div class=\"elementor-column elementor-col-100 elementor-top-column elementor-element elementor-element-99f76fe\" data-id=\"99f76fe\" data-element_type=\"column\">\n<div class=\"elementor-widget-wrap elementor-element-populated\">\n<div class=\"elementor-element elementor-element-3d716d9 elementor-widget__width-initial elementor-absolute elementor-widget elementor-widget-text-editor\" data-id=\"3d716d9\" data-element_type=\"widget\" data-settings=\"{&quot;_position&quot;:&quot;absolute&quot;}\" data-widget_type=\"text-editor.default\">\n<div class=\"elementor-widget-container\">\n<section class=\"elementor-section elementor-top-section elementor-element elementor-element-094830a elementor-section-boxed elementor-section-height-default elementor-section-height-default qodef-elementor-content-no\" data-id=\"094830a\" data-element_type=\"section\">\n<div class=\"elementor-container elementor-column-gap-default\">\n<div class=\"elementor-column elementor-col-100 elementor-top-column elementor-element elementor-element-99f76fe\" data-id=\"99f76fe\" data-element_type=\"column\">\n<div class=\"elementor-widget-wrap elementor-element-populated\">\n<div class=\"elementor-element elementor-element-192d03c elementor-widget__width-initial elementor-absolute elementor-widget elementor-widget-text-editor\" data-id=\"192d03c\" data-element_type=\"widget\" data-settings=\"{&quot;_position&quot;:&quot;absolute&quot;}\" data-widget_type=\"text-editor.default\">\n<div class=\"elementor-widget-container\">\n<div id=\"output-content\">\n<p>Lahanagiller familyas\u0131ndan olan\u00a0<strong>\u015falgam bitkisi<\/strong>, tad\u0131 ek\u015fimsi ve ac\u0131 olabilen bir k\u00f6k sebzesidir. Besin de\u011feri olduk\u00e7a y\u00fcksek olan bu sebze, hem k\u00f6klerinde hem de yapraklar\u0131nda sa\u011fl\u0131k ta\u015f\u0131r. Sa\u011fl\u0131k uzmanlar\u0131 taraf\u0131ndan bir do\u011fa mucizesi olarak nitelendirilen \u015falgam \u00fclkemizde de olduk\u00e7a de\u011fer verilen bir sebzedir.<\/p>\n<ul>\n<li>G\u00fcnde bir bardak \u015falgam suyu t\u00fcketildi\u011finde idrar yollar\u0131 hastal\u0131klar\u0131n\u0131 hafifletmeye yard\u0131mc\u0131 olur.<\/li>\n<li>\u00a0Flavonoid zengini olan \u015falgam, k\u0131lcal damarlar\u0131n sa\u011fl\u0131\u011f\u0131na faydal\u0131d\u0131r.<\/li>\n<\/ul>\n<\/div>\n<\/div>\n<\/div>\n<div class=\"elementor-element elementor-element-3d716d9 elementor-widget__width-initial elementor-absolute elementor-widget elementor-widget-text-editor\" data-id=\"3d716d9\" data-element_type=\"widget\" data-settings=\"{&quot;_position&quot;:&quot;absolute&quot;}\" data-widget_type=\"text-editor.default\"><\/div>\n<\/div>\n<\/div>\n<\/div>\n<\/section>\n<\/div>\n<\/div>\n<\/div>\n<\/div>\n<\/div>\n<\/section>\n<\/div>\n<\/div>\n<\/div>\n<\/div>\n<\/div>\n<\/div>\n<\/section>","protected":false},"excerpt":{"rendered":"<section class=\"elementor-section elementor-top-section elementor-element elementor-element-094830a elementor-section-boxed elementor-section-height-default elementor-section-height-default qodef-elementor-content-no\" data-id=\"094830a\" data-element_type=\"section\">\n<div class=\"elementor-container elementor-column-gap-default\">\n<div class=\"elementor-column elementor-col-100 elementor-top-column elementor-element elementor-element-99f76fe\" data-id=\"99f76fe\" data-element_type=\"column\">\n<div class=\"elementor-widget-wrap elementor-element-populated\">\n<div class=\"elementor-element elementor-element-192d03c elementor-widget__width-initial elementor-absolute elementor-widget elementor-widget-text-editor\" data-id=\"192d03c\" data-element_type=\"widget\" data-settings=\"{&quot;_position&quot;:&quot;absolute&quot;}\" data-widget_type=\"text-editor.default\">\n<div class=\"elementor-widget-container\">\n<div id=\"output-content\">\n<section class=\"elementor-section elementor-top-section elementor-element elementor-element-094830a elementor-section-boxed elementor-section-height-default elementor-section-height-default qodef-elementor-content-no\" data-id=\"094830a\" data-element_type=\"section\">\n<div class=\"elementor-container elementor-column-gap-default\">\n<div class=\"elementor-column elementor-col-100 elementor-top-column elementor-element elementor-element-99f76fe\" data-id=\"99f76fe\" data-element_type=\"column\">\n<div class=\"elementor-widget-wrap elementor-element-populated\">\n<div class=\"elementor-element elementor-element-192d03c elementor-widget__width-initial elementor-absolute elementor-widget elementor-widget-text-editor\" data-id=\"192d03c\" data-element_type=\"widget\" data-settings=\"{&quot;_position&quot;:&quot;absolute&quot;}\" data-widget_type=\"text-editor.default\">\n<div class=\"elementor-widget-container\">\n<div id=\"output-content\">\n<section class=\"elementor-section elementor-top-section elementor-element elementor-element-094830a elementor-section-boxed elementor-section-height-default elementor-section-height-default qodef-elementor-content-no\" data-id=\"094830a\" data-element_type=\"section\">\n<div class=\"elementor-container elementor-column-gap-default\">\n<div class=\"elementor-column elementor-col-100 elementor-top-column elementor-element elementor-element-99f76fe\" data-id=\"99f76fe\" data-element_type=\"column\">\n<div class=\"elementor-widget-wrap elementor-element-populated\">\n<div class=\"elementor-element elementor-element-192d03c elementor-widget__width-initial elementor-absolute elementor-widget elementor-widget-text-editor\" data-id=\"192d03c\" data-element_type=\"widget\" data-settings=\"{&quot;_position&quot;:&quot;absolute&quot;}\" data-widget_type=\"text-editor.default\">\n<div class=\"elementor-widget-container\">\n<div id=\"output-content\">\n<p>Lahanagiller familyas\u0131ndan olan\u00a0<strong>\u015falgam bitkisi<\/strong>, tad\u0131 ek\u015fimsi ve ac\u0131 olabilen bir k\u00f6k sebzesidir.<\/p>\n<\/div>\n<\/div>\n<\/div>\n<\/div>\n<\/div>\n<\/div>\n<\/section>\n<\/div>\n<\/div>\n<\/div>\n<\/div>\n<\/div>\n<\/div>\n<\/section>\n<\/div>\n<\/div>\n<\/div>\n<\/div>\n<\/div>\n<\/div>\n<\/section>","protected":false},"featured_media":0,"comment_status":"open","ping_status":"closed","template":"","meta":[],"product_cat":[69,61],"product_tag":[],"_links":{"self":[{"href":"https:\/\/yakamoz.com\/en\/wp-json\/wp\/v2\/product\/2241"}],"collection":[{"href":"https:\/\/yakamoz.com\/en\/wp-json\/wp\/v2\/product"}],"about":[{"href":"https:\/\/yakamoz.com\/en\/wp-json\/wp\/v2\/types\/product"}],"replies":[{"embeddable":true,"href":"https:\/\/yakamoz.com\/en\/wp-json\/wp\/v2\/comments?post=2241"}],"wp:attachment":[{"href":"https:\/\/yakamoz.com\/en\/wp-json\/wp\/v2\/media?parent=2241"}],"wp:term":[{"taxonomy":"product_cat","embeddable":true,"href":"https:\/\/yakamoz.com\/en\/wp-json\/wp\/v2\/product_cat?post=2241"},{"taxonomy":"product_tag","embeddable":true,"href":"https:\/\/yakamoz.com\/en\/wp-json\/wp\/v2\/product_tag?post=2241"}],"curies":[{"name":"wp","href":"https:\/\/api.w.org\/{rel}","templated":true}]}}