{"id":2218,"date":"2023-02-05T17:13:44","date_gmt":"2023-02-05T14:13:44","guid":{"rendered":"https:\/\/yakamoz.com\/stok2\/?post_type=product&#038;p=2218"},"modified":"2024-11-10T21:23:22","modified_gmt":"2024-11-10T18:23:22","slug":"limon-sosu-750ml","status":"publish","type":"product","link":"https:\/\/yakamoz.com\/en\/product\/limon-sosu-750ml\/","title":{"rendered":"Limon Sosu 750ml"},"content":{"rendered":"<section class=\"elementor-section elementor-top-section elementor-element elementor-element-094830a elementor-section-boxed elementor-section-height-default elementor-section-height-default qodef-elementor-content-no\" data-id=\"094830a\" data-element_type=\"section\">\n<div class=\"elementor-container elementor-column-gap-default\">\n<div class=\"elementor-column elementor-col-100 elementor-top-column elementor-element elementor-element-99f76fe\" data-id=\"99f76fe\" data-element_type=\"column\">\n<div class=\"elementor-widget-wrap elementor-element-populated\">\n<div class=\"elementor-element elementor-element-192d03c elementor-widget__width-initial elementor-absolute elementor-widget elementor-widget-text-editor\" data-id=\"192d03c\" data-element_type=\"widget\" data-settings=\"{&quot;_position&quot;:&quot;absolute&quot;}\" data-widget_type=\"text-editor.default\">\n<div class=\"elementor-widget-container\">\n<div id=\"output-content\">\n<p>Yakamoz Limon Sosu ile ger\u00e7ek limon suyu aras\u0131ndaki fark\u0131 anlaman\u0131z m\u00fcmk\u00fcn olmayacak.<\/p>\n<p>Sizlere \u00f6zel folyolu, g\u0131da g\u00fcvenli\u011fi bariyeri ile sofralar\u0131n\u0131za kadar misafir olan Yakamoz Limon Sosunun lezzeti form\u00fcl\u00fcm\u00fczde sakl\u0131.<\/p>\n<\/div>\n<\/div>\n<\/div>\n<\/div>\n<\/div>\n<\/div>\n<\/section>","protected":false},"excerpt":{"rendered":"<section class=\"elementor-section elementor-top-section elementor-element elementor-element-094830a elementor-section-boxed elementor-section-height-default elementor-section-height-default qodef-elementor-content-no\" data-id=\"094830a\" data-element_type=\"section\">\n<div class=\"elementor-container elementor-column-gap-default\">\n<div class=\"elementor-column elementor-col-100 elementor-top-column elementor-element elementor-element-99f76fe\" data-id=\"99f76fe\" data-element_type=\"column\">\n<div class=\"elementor-widget-wrap elementor-element-populated\">\n<div class=\"elementor-element elementor-element-192d03c elementor-widget__width-initial elementor-absolute elementor-widget elementor-widget-text-editor\" data-id=\"192d03c\" data-element_type=\"widget\" data-settings=\"{&quot;_position&quot;:&quot;absolute&quot;}\" data-widget_type=\"text-editor.default\">\n<div class=\"elementor-widget-container\">\n<div id=\"output-content\">\n<section class=\"elementor-section elementor-top-section elementor-element elementor-element-094830a elementor-section-boxed elementor-section-height-default elementor-section-height-default qodef-elementor-content-no\" data-id=\"094830a\" data-element_type=\"section\">\n<div class=\"elementor-container elementor-column-gap-default\">\n<div class=\"elementor-column elementor-col-100 elementor-top-column elementor-element elementor-element-99f76fe\" data-id=\"99f76fe\" data-element_type=\"column\">\n<div class=\"elementor-widget-wrap elementor-element-populated\">\n<div class=\"elementor-element elementor-element-192d03c elementor-widget__width-initial elementor-absolute elementor-widget elementor-widget-text-editor\" data-id=\"192d03c\" data-element_type=\"widget\" data-settings=\"{&quot;_position&quot;:&quot;absolute&quot;}\" data-widget_type=\"text-editor.default\">\n<div class=\"elementor-widget-container\">\n<div id=\"output-content\">\n<p>Yakamoz Limon Sosu ile ger\u00e7ek limon suyu aras\u0131ndaki fark\u0131 anlaman\u0131z m\u00fcmk\u00fcn olmayacak.<\/p>\n<\/div>\n<\/div>\n<\/div>\n<\/div>\n<\/div>\n<\/div>\n<\/section>\n<\/div>\n<\/div>\n<\/div>\n<\/div>\n<\/div>\n<\/div>\n<\/section>","protected":false},"featured_media":0,"comment_status":"open","ping_status":"closed","template":"","meta":[],"product_cat":[67,61],"product_tag":[],"_links":{"self":[{"href":"https:\/\/yakamoz.com\/en\/wp-json\/wp\/v2\/product\/2218"}],"collection":[{"href":"https:\/\/yakamoz.com\/en\/wp-json\/wp\/v2\/product"}],"about":[{"href":"https:\/\/yakamoz.com\/en\/wp-json\/wp\/v2\/types\/product"}],"replies":[{"embeddable":true,"href":"https:\/\/yakamoz.com\/en\/wp-json\/wp\/v2\/comments?post=2218"}],"wp:attachment":[{"href":"https:\/\/yakamoz.com\/en\/wp-json\/wp\/v2\/media?parent=2218"}],"wp:term":[{"taxonomy":"product_cat","embeddable":true,"href":"https:\/\/yakamoz.com\/en\/wp-json\/wp\/v2\/product_cat?post=2218"},{"taxonomy":"product_tag","embeddable":true,"href":"https:\/\/yakamoz.com\/en\/wp-json\/wp\/v2\/product_tag?post=2218"}],"curies":[{"name":"wp","href":"https:\/\/api.w.org\/{rel}","templated":true}]}}