{"id":2204,"date":"2023-02-05T17:12:53","date_gmt":"2023-02-05T14:12:53","guid":{"rendered":"https:\/\/yakamoz.com\/stok2\/?post_type=product&#038;p=2204"},"modified":"2023-02-08T10:37:21","modified_gmt":"2023-02-08T07:37:21","slug":"tatli-aci-sos-250ml","status":"publish","type":"product","link":"https:\/\/yakamoz.com\/en\/product\/tatli-aci-sos-250ml\/","title":{"rendered":"Tatl\u0131 Ac\u0131 Sos 250ml"},"content":{"rendered":"<section class=\"elementor-section elementor-top-section elementor-element elementor-element-094830a elementor-section-boxed elementor-section-height-default elementor-section-height-default qodef-elementor-content-no\" data-id=\"094830a\" data-element_type=\"section\">\n<div class=\"elementor-container elementor-column-gap-default\">\n<div class=\"elementor-column elementor-col-100 elementor-top-column elementor-element elementor-element-99f76fe\" data-id=\"99f76fe\" data-element_type=\"column\">\n<div class=\"elementor-widget-wrap elementor-element-populated\">\n<div class=\"elementor-element elementor-element-192d03c elementor-widget__width-initial elementor-absolute elementor-widget elementor-widget-text-editor\" data-id=\"192d03c\" data-element_type=\"widget\" data-settings=\"{&quot;_position&quot;:&quot;absolute&quot;}\" data-widget_type=\"text-editor.default\">\n<div class=\"elementor-widget-container\">\n<div id=\"output-content\">\n<p>Asya mutfa\u011f\u0131nda me\u015fhur bir sos olan bu \u00fcr\u00fcn, bug\u00fcn t\u00fcm d\u00fcnyada tavuk sosu olarak da bilinir.\u00a0Tavuk yemeklerinin yap\u0131m\u0131nda ve k\u0131zarm\u0131\u015f yiyeceklerde dip sos olarak, \u00e7ok ama\u00e7l\u0131 kullan\u0131m\u0131 vard\u0131r.<\/p>\n<\/div>\n<\/div>\n<\/div>\n<\/div>\n<\/div>\n<\/div>\n<\/section>","protected":false},"excerpt":{"rendered":"<section class=\"elementor-section elementor-top-section elementor-element elementor-element-094830a elementor-section-boxed elementor-section-height-default elementor-section-height-default qodef-elementor-content-no\" data-id=\"094830a\" data-element_type=\"section\">\n<div class=\"elementor-container elementor-column-gap-default\">\n<div class=\"elementor-column elementor-col-100 elementor-top-column elementor-element elementor-element-99f76fe\" data-id=\"99f76fe\" data-element_type=\"column\">\n<div class=\"elementor-widget-wrap elementor-element-populated\">\n<div class=\"elementor-element elementor-element-192d03c elementor-widget__width-initial elementor-absolute elementor-widget elementor-widget-text-editor\" data-id=\"192d03c\" data-element_type=\"widget\" data-settings=\"{&quot;_position&quot;:&quot;absolute&quot;}\" data-widget_type=\"text-editor.default\">\n<div class=\"elementor-widget-container\">\n<div id=\"output-content\">\n<section class=\"elementor-section elementor-top-section elementor-element elementor-element-094830a elementor-section-boxed elementor-section-height-default elementor-section-height-default qodef-elementor-content-no\" data-id=\"094830a\" data-element_type=\"section\">\n<div class=\"elementor-container elementor-column-gap-default\">\n<div class=\"elementor-column elementor-col-100 elementor-top-column elementor-element elementor-element-99f76fe\" data-id=\"99f76fe\" data-element_type=\"column\">\n<div class=\"elementor-widget-wrap elementor-element-populated\">\n<div class=\"elementor-element elementor-element-192d03c elementor-widget__width-initial elementor-absolute elementor-widget elementor-widget-text-editor\" data-id=\"192d03c\" data-element_type=\"widget\" data-settings=\"{&quot;_position&quot;:&quot;absolute&quot;}\" data-widget_type=\"text-editor.default\">\n<div class=\"elementor-widget-container\">\n<div id=\"output-content\">\n<p>Asya mutfa\u011f\u0131nda me\u015fhur bir sos olan bu \u00fcr\u00fcn, bug\u00fcn t\u00fcm d\u00fcnyada tavuk sosu olarak da bilinir.<\/p>\n<\/div>\n<\/div>\n<\/div>\n<\/div>\n<\/div>\n<\/div>\n<\/section>\n<\/div>\n<\/div>\n<\/div>\n<\/div>\n<\/div>\n<\/div>\n<\/section>","protected":false},"featured_media":0,"comment_status":"open","ping_status":"closed","template":"","meta":[],"product_cat":[70,61],"product_tag":[],"_links":{"self":[{"href":"https:\/\/yakamoz.com\/en\/wp-json\/wp\/v2\/product\/2204"}],"collection":[{"href":"https:\/\/yakamoz.com\/en\/wp-json\/wp\/v2\/product"}],"about":[{"href":"https:\/\/yakamoz.com\/en\/wp-json\/wp\/v2\/types\/product"}],"replies":[{"embeddable":true,"href":"https:\/\/yakamoz.com\/en\/wp-json\/wp\/v2\/comments?post=2204"}],"wp:attachment":[{"href":"https:\/\/yakamoz.com\/en\/wp-json\/wp\/v2\/media?parent=2204"}],"wp:term":[{"taxonomy":"product_cat","embeddable":true,"href":"https:\/\/yakamoz.com\/en\/wp-json\/wp\/v2\/product_cat?post=2204"},{"taxonomy":"product_tag","embeddable":true,"href":"https:\/\/yakamoz.com\/en\/wp-json\/wp\/v2\/product_tag?post=2204"}],"curies":[{"name":"wp","href":"https:\/\/api.w.org\/{rel}","templated":true}]}}