{"id":2190,"date":"2023-02-05T17:12:02","date_gmt":"2023-02-05T14:12:02","guid":{"rendered":"https:\/\/yakamoz.com\/stok2\/?post_type=product&#038;p=2190"},"modified":"2023-02-05T17:15:27","modified_gmt":"2023-02-05T14:15:27","slug":"hurma-sirkesi-500ml","status":"publish","type":"product","link":"https:\/\/yakamoz.com\/en\/product\/hurma-sirkesi-500ml\/","title":{"rendered":"Hurma Sirkesi 500ml"},"content":{"rendered":"<p>Genellikle Arabistan ve Orta do\u011fu \u00fclkelerinde t\u00fcketilir.<\/p>\n<p><strong>H<\/strong><strong>urma sirkesi,\u00a0<\/strong>v\u00fccuda enerji depolamas\u0131ndan dolay\u0131 gen\u00e7lik iksiri olarak da bilinir.<\/p>\n<p>Di\u011fer sirke \u00e7e\u015fitlerimizde oldu\u011fu gibi Hurma Sirkesini de salatalarda, yemeklerde g\u00f6n\u00fcl rahatl\u0131\u011f\u0131yla kullanabilirsiniz.<\/p>","protected":false},"excerpt":{"rendered":"<p><strong>H<\/strong><strong>urma sirkesi,\u00a0<\/strong>v\u00fccuda enerji depolamas\u0131ndan dolay\u0131 gen\u00e7lik iksiri olarak da bilinir.<\/p>","protected":false},"featured_media":0,"comment_status":"open","ping_status":"closed","template":"","meta":[],"product_cat":[61],"product_tag":[],"_links":{"self":[{"href":"https:\/\/yakamoz.com\/en\/wp-json\/wp\/v2\/product\/2190"}],"collection":[{"href":"https:\/\/yakamoz.com\/en\/wp-json\/wp\/v2\/product"}],"about":[{"href":"https:\/\/yakamoz.com\/en\/wp-json\/wp\/v2\/types\/product"}],"replies":[{"embeddable":true,"href":"https:\/\/yakamoz.com\/en\/wp-json\/wp\/v2\/comments?post=2190"}],"wp:attachment":[{"href":"https:\/\/yakamoz.com\/en\/wp-json\/wp\/v2\/media?parent=2190"}],"wp:term":[{"taxonomy":"product_cat","embeddable":true,"href":"https:\/\/yakamoz.com\/en\/wp-json\/wp\/v2\/product_cat?post=2190"},{"taxonomy":"product_tag","embeddable":true,"href":"https:\/\/yakamoz.com\/en\/wp-json\/wp\/v2\/product_tag?post=2190"}],"curies":[{"name":"wp","href":"https:\/\/api.w.org\/{rel}","templated":true}]}}