{"id":2189,"date":"2023-02-05T17:12:02","date_gmt":"2023-02-05T14:12:02","guid":{"rendered":"https:\/\/yakamoz.com\/stok2\/?post_type=product&#038;p=2189"},"modified":"2023-02-05T17:15:18","modified_gmt":"2023-02-05T14:15:18","slug":"incir-sirkesi-500ml","status":"publish","type":"product","link":"https:\/\/yakamoz.com\/en\/product\/incir-sirkesi-500ml\/","title":{"rendered":"\u0130ncir Sirkesi 500ml"},"content":{"rendered":"<p>\u0130ncir, insano\u011flunun t\u00fcketti\u011fi en eski meyvelerden biridir.<\/p>\n<p>Kendine \u00f6zg\u00fc hafif tatl\u0131 e\u015fsiz lezzetinin yan\u0131 s\u0131ra sindirimi iyile\u015ftirmek, kalp sa\u011fl\u0131\u011f\u0131n\u0131 desteklemek ve kan \u015fekeri seviyesini dengelemek gibi faydalar\u0131 bulunur.<\/p>\n<p>Meyve olarak t\u00fcketilmesinin yan\u0131 s\u0131ra sirke olarak da t\u00fcketilmekte ve i\u00e7erdi\u011fi lif, mineral ve vitaminler a\u00e7\u0131s\u0131ndan olduk\u00e7a faydal\u0131d\u0131r.<\/p>","protected":false},"excerpt":{"rendered":"<p>Kendine \u00f6zg\u00fc hafif tatl\u0131 e\u015fsiz lezzetinin yan\u0131 s\u0131ra sindirimi iyile\u015ftirmek, kalp sa\u011fl\u0131\u011f\u0131n\u0131 desteklemek ve kan \u015fekeri seviyesini dengelemek gibi faydalar\u0131 bulunur.<\/p>\n<p>&nbsp;<\/p>","protected":false},"featured_media":0,"comment_status":"open","ping_status":"closed","template":"","meta":[],"product_cat":[61],"product_tag":[],"_links":{"self":[{"href":"https:\/\/yakamoz.com\/en\/wp-json\/wp\/v2\/product\/2189"}],"collection":[{"href":"https:\/\/yakamoz.com\/en\/wp-json\/wp\/v2\/product"}],"about":[{"href":"https:\/\/yakamoz.com\/en\/wp-json\/wp\/v2\/types\/product"}],"replies":[{"embeddable":true,"href":"https:\/\/yakamoz.com\/en\/wp-json\/wp\/v2\/comments?post=2189"}],"wp:attachment":[{"href":"https:\/\/yakamoz.com\/en\/wp-json\/wp\/v2\/media?parent=2189"}],"wp:term":[{"taxonomy":"product_cat","embeddable":true,"href":"https:\/\/yakamoz.com\/en\/wp-json\/wp\/v2\/product_cat?post=2189"},{"taxonomy":"product_tag","embeddable":true,"href":"https:\/\/yakamoz.com\/en\/wp-json\/wp\/v2\/product_tag?post=2189"}],"curies":[{"name":"wp","href":"https:\/\/api.w.org\/{rel}","templated":true}]}}