{"id":2188,"date":"2023-02-05T17:12:02","date_gmt":"2023-02-05T14:12:02","guid":{"rendered":"https:\/\/yakamoz.com\/stok2\/?post_type=product&#038;p=2188"},"modified":"2023-02-05T17:15:09","modified_gmt":"2023-02-05T14:15:09","slug":"nar-sirkesi-500ml","status":"publish","type":"product","link":"https:\/\/yakamoz.com\/en\/product\/nar-sirkesi-500ml\/","title":{"rendered":"Nar Sirkesi 500ml"},"content":{"rendered":"<p>\u0130\u00e7eri\u011findeki g\u00fc\u00e7l\u00fc antioksidanlar ile ba\u011f\u0131\u015f\u0131kl\u0131k sistemine katk\u0131 sa\u011flayan nar sirkesi, ayn\u0131 zamanda kas ve eklem geli\u015fimi noktas\u0131nda da olduk\u00e7a etkilidir. Di\u011fer meyve sirkelerinde oldu\u011fu gibi nar sirkesi de potasyum, kalsiyum, fosfor ve magnezyum i\u00e7erir.<\/p>\n<p>Bunlara ek olarak, C ve E vitaminleri ihtiva eder.<\/p>\n<p>\u00c7al\u0131\u015fmalar, yeterince magnezyum t\u00fcketmenin katarakt, metabolik sendrom, migren ve diyabet riskini azaltmaya yard\u0131mc\u0131 olabilece\u011fini g\u00f6stermi\u015ftir.<\/p>","protected":false},"excerpt":{"rendered":"<p>\u0130\u00e7eri\u011findeki g\u00fc\u00e7l\u00fc antioksidanlar ile ba\u011f\u0131\u015f\u0131kl\u0131k sistemine katk\u0131 sa\u011flayan nar sirkesi, ayn\u0131 zamanda kas ve eklem geli\u015fimi noktas\u0131nda da olduk\u00e7a etkilidir.<\/p>","protected":false},"featured_media":0,"comment_status":"open","ping_status":"closed","template":"","meta":[],"product_cat":[61],"product_tag":[],"_links":{"self":[{"href":"https:\/\/yakamoz.com\/en\/wp-json\/wp\/v2\/product\/2188"}],"collection":[{"href":"https:\/\/yakamoz.com\/en\/wp-json\/wp\/v2\/product"}],"about":[{"href":"https:\/\/yakamoz.com\/en\/wp-json\/wp\/v2\/types\/product"}],"replies":[{"embeddable":true,"href":"https:\/\/yakamoz.com\/en\/wp-json\/wp\/v2\/comments?post=2188"}],"wp:attachment":[{"href":"https:\/\/yakamoz.com\/en\/wp-json\/wp\/v2\/media?parent=2188"}],"wp:term":[{"taxonomy":"product_cat","embeddable":true,"href":"https:\/\/yakamoz.com\/en\/wp-json\/wp\/v2\/product_cat?post=2188"},{"taxonomy":"product_tag","embeddable":true,"href":"https:\/\/yakamoz.com\/en\/wp-json\/wp\/v2\/product_tag?post=2188"}],"curies":[{"name":"wp","href":"https:\/\/api.w.org\/{rel}","templated":true}]}}