{"id":2180,"date":"2023-02-05T17:12:02","date_gmt":"2023-02-05T14:12:02","guid":{"rendered":"https:\/\/yakamoz.com\/stok2\/?post_type=product&#038;p=2180"},"modified":"2023-02-05T17:14:09","modified_gmt":"2023-02-05T14:14:09","slug":"beyaz-sirke-500ml","status":"publish","type":"product","link":"https:\/\/yakamoz.com\/en\/product\/beyaz-sirke-500ml\/","title":{"rendered":"Beyaz Sirke 500ml"},"content":{"rendered":"<p><strong>\u00a0Sirke ruhu olarak bilinen beyaz sirke m\u0131s\u0131r, \u015feker pancar\u0131 ya da \u015feker kam\u0131\u015f\u0131 gibi \u015feker i\u00e7eren tar\u0131m \u00fcr\u00fcnlerinden do\u011fal fermantasyon y\u00f6ntemi ile elde edilir.<\/strong><\/p>\n<p>Standart beyaz sirke genellikle % 4-7 asetik asit ve % 93-96 su i\u00e7eren \u015feffaf bir \u00e7\u00f6zeltidir.<\/p>\n<p>Beyaz sirkenin kullan\u0131m aral\u0131\u011f\u0131 \u00e7ok geni\u015ftir.<\/p>\n<ul>\n<li>Salata , soslar, yemekler, meyve ve sebzelerin y\u0131kanmas\u0131nda antimikrobiyal etkisi<\/li>\n<li>Y\u00fczey temizli\u011fi, Makine temizli\u011fi<\/li>\n<li>Ki\u015fisel Bak\u0131m gibi bir\u00e7ok alanda kullan\u0131lmaktad\u0131r.<\/li>\n<\/ul>","protected":false},"excerpt":{"rendered":"<p>Sirke ruhu olarak bilinen beyaz sirke m\u0131s\u0131r, \u015feker pancar\u0131 ya da \u015feker kam\u0131\u015f\u0131 gibi \u015feker i\u00e7eren tar\u0131m \u00fcr\u00fcnlerinden do\u011fal fermantasyon y\u00f6ntemi ile elde edilir.<\/p>","protected":false},"featured_media":0,"comment_status":"open","ping_status":"closed","template":"","meta":[],"product_cat":[61,63],"product_tag":[],"_links":{"self":[{"href":"https:\/\/yakamoz.com\/en\/wp-json\/wp\/v2\/product\/2180"}],"collection":[{"href":"https:\/\/yakamoz.com\/en\/wp-json\/wp\/v2\/product"}],"about":[{"href":"https:\/\/yakamoz.com\/en\/wp-json\/wp\/v2\/types\/product"}],"replies":[{"embeddable":true,"href":"https:\/\/yakamoz.com\/en\/wp-json\/wp\/v2\/comments?post=2180"}],"wp:attachment":[{"href":"https:\/\/yakamoz.com\/en\/wp-json\/wp\/v2\/media?parent=2180"}],"wp:term":[{"taxonomy":"product_cat","embeddable":true,"href":"https:\/\/yakamoz.com\/en\/wp-json\/wp\/v2\/product_cat?post=2180"},{"taxonomy":"product_tag","embeddable":true,"href":"https:\/\/yakamoz.com\/en\/wp-json\/wp\/v2\/product_tag?post=2180"}],"curies":[{"name":"wp","href":"https:\/\/api.w.org\/{rel}","templated":true}]}}