{"id":2174,"date":"2023-02-05T17:12:01","date_gmt":"2023-02-05T14:12:01","guid":{"rendered":"https:\/\/yakamoz.com\/stok2\/?post_type=product&#038;p=2174"},"modified":"2023-02-05T17:13:32","modified_gmt":"2023-02-05T14:13:32","slug":"uzum-sirkesi-750ml","status":"publish","type":"product","link":"https:\/\/yakamoz.com\/en\/product\/uzum-sirkesi-750ml\/","title":{"rendered":"\u00dcz\u00fcm Sirkesi 750ml"},"content":{"rendered":"<p>\u00dcz\u00fcm sirkesi, asitlik derecesi y\u00fczde 4-5 aras\u0131nda \u00a0ve antioksidan \u00f6zelli\u011fi bak\u0131m\u0131ndan \u00e7ok zengin bir i\u00e7eri\u011fe sahiptir. \u00a0\u0130\u00e7erisinde bulunan A ve C vitamininin yan\u0131 s\u0131ra fosfor, kalsiyum gibi mineraller de bir\u00e7ok hastal\u0131\u011f\u0131n tedavisinde yard\u0131mc\u0131 olmaktad\u0131r. Kemik geli\u015fimi, anemi, cilt sa\u011fl\u0131 a\u00e7\u0131s\u0131ndan \u00f6nemi b\u00fcy\u00fckt\u00fcr.<\/p>","protected":false},"excerpt":{"rendered":"<p>\u00dcz\u00fcm sirkesi, asitlik derecesi y\u00fczde 4-5 aras\u0131nda \u00a0ve antioksidan \u00f6zelli\u011fi bak\u0131m\u0131ndan \u00e7ok zengin bir i\u00e7eri\u011fe sahiptir.<\/p>","protected":false},"featured_media":0,"comment_status":"open","ping_status":"closed","template":"","meta":[],"product_cat":[61,62],"product_tag":[],"_links":{"self":[{"href":"https:\/\/yakamoz.com\/en\/wp-json\/wp\/v2\/product\/2174"}],"collection":[{"href":"https:\/\/yakamoz.com\/en\/wp-json\/wp\/v2\/product"}],"about":[{"href":"https:\/\/yakamoz.com\/en\/wp-json\/wp\/v2\/types\/product"}],"replies":[{"embeddable":true,"href":"https:\/\/yakamoz.com\/en\/wp-json\/wp\/v2\/comments?post=2174"}],"wp:attachment":[{"href":"https:\/\/yakamoz.com\/en\/wp-json\/wp\/v2\/media?parent=2174"}],"wp:term":[{"taxonomy":"product_cat","embeddable":true,"href":"https:\/\/yakamoz.com\/en\/wp-json\/wp\/v2\/product_cat?post=2174"},{"taxonomy":"product_tag","embeddable":true,"href":"https:\/\/yakamoz.com\/en\/wp-json\/wp\/v2\/product_tag?post=2174"}],"curies":[{"name":"wp","href":"https:\/\/api.w.org\/{rel}","templated":true}]}}