{"id":2169,"date":"2023-02-05T17:12:01","date_gmt":"2023-02-05T14:12:01","guid":{"rendered":"https:\/\/yakamoz.com\/stok2\/?post_type=product&#038;p=2169"},"modified":"2023-02-05T17:12:59","modified_gmt":"2023-02-05T14:12:59","slug":"elma-sirkesi-5000ml-2","status":"publish","type":"product","link":"https:\/\/yakamoz.com\/en\/product\/elma-sirkesi-5000ml-2\/","title":{"rendered":"Elma Sirkesi 5000ml"},"content":{"rendered":"<p>Yakamoz Elma Sirkesi, son teknoloji fermantasyon teknikleri ile \u00fcretilerek el de\u011fmeden ambalajlan\u0131p, hijyen ve kaliteden \u00f6d\u00fcn vermeden sizlerle payla\u015ft\u0131\u011f\u0131m\u0131z \u00fcr\u00fcnlerimizden sadece bir tanesidir. Mutfaklar\u0131m\u0131z\u0131n ve sofralar\u0131m\u0131z\u0131n vazge\u00e7ilmezi olan elma\u00a0 sirkesinin; kan \u015fekeri ve kolesterol\u00fc dengelemek, tokluk hissi vermek ve\u00a0 g\u00fc\u00e7l\u00fc antioksidan \u00f6zelli\u011finin\u00a0 sayesinde \u00a0sa\u011fl\u0131k a\u00e7\u0131s\u0131ndan da bir\u00e7ok etkisi vard\u0131r.<\/p>","protected":false},"excerpt":{"rendered":"<p><span style=\"vertical-align: inherit;\"><span style=\"vertical-align: inherit;\">Yakamoz Elma Sirkesi, son teknoloji fermantasyon teknikleri ile \u00fcretilerek el de\u011fmeden ambalajlan\u0131p, hijyen ve kaliteden \u00f6d\u00fcn vermeden sizlerle payla\u015ft\u0131\u011f\u0131m\u0131z \u00fcr\u00fcnlerimizden sadece bir tanesidir. Mutfaklar\u0131m\u0131z\u0131n ve sofralar\u0131m\u0131z\u0131n vazge\u00e7ilmezi olan elma\u00a0 sirkesinin; kan \u015fekeri ve kolesterol\u00fc dengelemek, tokluk hissi vermek ve\u00a0 g\u00fc\u00e7l\u00fc antioksidan \u00f6zelli\u011finin\u00a0 sayesinde \u00a0sa\u011fl\u0131k a\u00e7\u0131s\u0131ndan da bir\u00e7ok etkisi vard\u0131r.<\/span><\/span><\/p>","protected":false},"featured_media":0,"comment_status":"open","ping_status":"closed","template":"","meta":[],"product_cat":[61,60],"product_tag":[],"_links":{"self":[{"href":"https:\/\/yakamoz.com\/en\/wp-json\/wp\/v2\/product\/2169"}],"collection":[{"href":"https:\/\/yakamoz.com\/en\/wp-json\/wp\/v2\/product"}],"about":[{"href":"https:\/\/yakamoz.com\/en\/wp-json\/wp\/v2\/types\/product"}],"replies":[{"embeddable":true,"href":"https:\/\/yakamoz.com\/en\/wp-json\/wp\/v2\/comments?post=2169"}],"wp:attachment":[{"href":"https:\/\/yakamoz.com\/en\/wp-json\/wp\/v2\/media?parent=2169"}],"wp:term":[{"taxonomy":"product_cat","embeddable":true,"href":"https:\/\/yakamoz.com\/en\/wp-json\/wp\/v2\/product_cat?post=2169"},{"taxonomy":"product_tag","embeddable":true,"href":"https:\/\/yakamoz.com\/en\/wp-json\/wp\/v2\/product_tag?post=2169"}],"curies":[{"name":"wp","href":"https:\/\/api.w.org\/{rel}","templated":true}]}}