{"id":2616,"date":"2023-02-15T11:59:10","date_gmt":"2023-02-15T08:59:10","guid":{"rendered":"https:\/\/yakamoz.com\/stok2\/?page_id=2616"},"modified":"2023-02-23T15:31:57","modified_gmt":"2023-02-23T12:31:57","slug":"limon-soslari","status":"publish","type":"page","link":"https:\/\/yakamoz.com\/en\/limon-soslari\/","title":{"rendered":"Lemon Sauces"},"content":{"rendered":"<section class=\"wpb-content-wrapper\"><div class=\"vc_row wpb_row vc_row-fluid\">\n\t\t\t\t<div   class=\"jws-vc-row-ovelay\"><\/div>\n                <div  class=\"jws-over-lay\"><\/div>\n\t\t\t\t<div class=\"container\">\n\t\t\t\t\t<div class=\"wpb_column vc_column_container vc_col-sm-12\"><div class=\"vc_column-inner\"><div class=\"wpb_wrapper\"><div class=\"vc_empty_space\"   style=\"height: 40px\"><span class=\"vc_empty_space_inner\"><\/span><\/div><\/div><\/div><\/div>\n\t\t\t\t<\/div>\n\t\t\t<\/div><div class=\"vc_row wpb_row vc_row-fluid\">\n\t\t\t\t<div   class=\"jws-vc-row-ovelay\"><\/div>\n                <div  class=\"jws-over-lay\"><\/div>\n\t\t\t\t<div class=\"container\">\n\t\t\t\t\t<div class=\"wpb_column vc_column_container vc_col-sm-3\"><div class=\"vc_column-inner\"><div class=\"wpb_wrapper\">\n\t<div  class=\"wpb_single_image wpb_content_element vc_align_center\">\n\t\t\n\t\t<figure class=\"wpb_wrapper vc_figure\">\n\t\t\t<div class=\"vc_single_image-wrapper vc_box_border  vc_box_border_grey\"><img width=\"533\" height=\"800\" src=\"https:\/\/yakamoz.com\/wp-content\/uploads\/2023\/02\/limonsos250pet.png\" class=\"vc_single_image-img attachment-full\" alt=\"\" decoding=\"async\" loading=\"lazy\" title=\"limonsos250pet\" srcset=\"https:\/\/yakamoz.com\/wp-content\/uploads\/2023\/02\/limonsos250pet.png 533w, https:\/\/yakamoz.com\/wp-content\/uploads\/2023\/02\/limonsos250pet-200x300.png 200w, https:\/\/yakamoz.com\/wp-content\/uploads\/2023\/02\/limonsos250pet-8x12.png 8w\" sizes=\"(max-width: 533px) 100vw, 533px\" \/><\/div>\n\t\t<\/figure>\n\t<\/div>\n<\/div><\/div><\/div><div class=\"wpb_column vc_column_container vc_col-sm-3\"><div class=\"vc_column-inner\"><div class=\"wpb_wrapper\"><p style=\"color: #3f3f3f;text-align: center;font-family:Montserrat;font-weight:700;font-style:normal\" class=\"vc_custom_heading\" >Yakamoz Lemon Flavored Sauce 250ml<\/p>\n\t<div class=\"wpb_text_column wpb_content_element\" >\n\t\t<div class=\"wpb_wrapper\">\n\t\t\t<p style=\"text-align: center;\">\n<table id=\"tablepress-51\" class=\"tablepress tablepress-id-51\">\n<tbody class=\"row-hover\">\n<tr class=\"row-1 odd\">\n\t<td class=\"column-1\">Packaging Type<\/td><td class=\"column-2\">Pet Bottle<\/td>\n<\/tr>\n<tr class=\"row-2 even\">\n\t<td class=\"column-1\">Package Size<\/td><td class=\"column-2\">250 ml<\/td>\n<\/tr>\n<tr class=\"row-3 odd\">\n\t<td class=\"column-1\">Pieces in Box<\/td><td class=\"column-2\">20 Pieces<\/td>\n<\/tr>\n<tr class=\"row-4 even\">\n\t<td class=\"column-1\">Barcode<\/td><td class=\"column-2\">8693234333949<\/td>\n<\/tr>\n<\/tbody>\n<\/table>\n<\/p>\n\n\t\t<\/div>\n\t<\/div>\n<\/div><\/div><\/div><div class=\"wpb_column vc_column_container vc_col-sm-3\"><div class=\"vc_column-inner\"><div class=\"wpb_wrapper\">\n\t<div  class=\"wpb_single_image wpb_content_element vc_align_center\">\n\t\t\n\t\t<figure class=\"wpb_wrapper vc_figure\">\n\t\t\t<div class=\"vc_single_image-wrapper vc_box_border  vc_box_border_grey\"><img width=\"533\" height=\"800\" src=\"https:\/\/yakamoz.com\/wp-content\/uploads\/2023\/02\/limonsos500pet.png\" class=\"vc_single_image-img attachment-full\" alt=\"\" decoding=\"async\" loading=\"lazy\" title=\"limonsos500pet\" srcset=\"https:\/\/yakamoz.com\/wp-content\/uploads\/2023\/02\/limonsos500pet.png 533w, https:\/\/yakamoz.com\/wp-content\/uploads\/2023\/02\/limonsos500pet-200x300.png 200w, https:\/\/yakamoz.com\/wp-content\/uploads\/2023\/02\/limonsos500pet-8x12.png 8w\" sizes=\"(max-width: 533px) 100vw, 533px\" \/><\/div>\n\t\t<\/figure>\n\t<\/div>\n<\/div><\/div><\/div><div class=\"wpb_column vc_column_container vc_col-sm-3\"><div class=\"vc_column-inner\"><div class=\"wpb_wrapper\"><p style=\"color: #3f3f3f;text-align: center;font-family:Montserrat;font-weight:700;font-style:normal\" class=\"vc_custom_heading\" >Yakamoz Lemon Flavored Sauce 500ml<\/p>\n\t<div class=\"wpb_text_column wpb_content_element\" >\n\t\t<div class=\"wpb_wrapper\">\n\t\t\t\n<table id=\"tablepress-52\" class=\"tablepress tablepress-id-52\">\n<tbody class=\"row-hover\">\n<tr class=\"row-1 odd\">\n\t<td class=\"column-1\">Packaging Type<\/td><td class=\"column-2\">Pet Bottle<\/td>\n<\/tr>\n<tr class=\"row-2 even\">\n\t<td class=\"column-1\">Package Size<\/td><td class=\"column-2\">500 ml<\/td>\n<\/tr>\n<tr class=\"row-3 odd\">\n\t<td class=\"column-1\">Pieces in Box<\/td><td class=\"column-2\">20 Pieces<\/td>\n<\/tr>\n<tr class=\"row-4 even\">\n\t<td class=\"column-1\">Barcode<\/td><td class=\"column-2\">8693234333383<\/td>\n<\/tr>\n<\/tbody>\n<\/table>\n\n\n\t\t<\/div>\n\t<\/div>\n<\/div><\/div><\/div>\n\t\t\t\t<\/div>\n\t\t\t<\/div><div class=\"vc_row wpb_row vc_row-fluid\">\n\t\t\t\t<div   class=\"jws-vc-row-ovelay\"><\/div>\n                <div  class=\"jws-over-lay\"><\/div>\n\t\t\t\t<div class=\"container\">\n\t\t\t\t\t<div class=\"wpb_column vc_column_container vc_col-sm-3\"><div class=\"vc_column-inner\"><div class=\"wpb_wrapper\">\n\t<div  class=\"wpb_single_image wpb_content_element vc_align_center\">\n\t\t\n\t\t<figure class=\"wpb_wrapper vc_figure\">\n\t\t\t<div class=\"vc_single_image-wrapper vc_box_border  vc_box_border_grey\"><img width=\"533\" height=\"800\" src=\"https:\/\/yakamoz.com\/wp-content\/uploads\/2023\/02\/limonsos750pet.png\" class=\"vc_single_image-img attachment-full\" alt=\"\" decoding=\"async\" loading=\"lazy\" title=\"limonsos750pet\" srcset=\"https:\/\/yakamoz.com\/wp-content\/uploads\/2023\/02\/limonsos750pet.png 533w, https:\/\/yakamoz.com\/wp-content\/uploads\/2023\/02\/limonsos750pet-200x300.png 200w, https:\/\/yakamoz.com\/wp-content\/uploads\/2023\/02\/limonsos750pet-8x12.png 8w\" sizes=\"(max-width: 533px) 100vw, 533px\" \/><\/div>\n\t\t<\/figure>\n\t<\/div>\n<\/div><\/div><\/div><div class=\"wpb_column vc_column_container vc_col-sm-3\"><div class=\"vc_column-inner\"><div class=\"wpb_wrapper\"><p style=\"color: #3f3f3f;text-align: center;font-family:Montserrat;font-weight:700;font-style:normal\" class=\"vc_custom_heading\" >Yakamoz Lemon Flavored Sauce 750ml<\/p>\n\t<div class=\"wpb_text_column wpb_content_element\" >\n\t\t<div class=\"wpb_wrapper\">\n\t\t\t<p style=\"text-align: center;\">\n<table id=\"tablepress-53\" class=\"tablepress tablepress-id-53\">\n<tbody class=\"row-hover\">\n<tr class=\"row-1 odd\">\n\t<td class=\"column-1\">Packaging Type<\/td><td class=\"column-2\">Pet Bottle<\/td>\n<\/tr>\n<tr class=\"row-2 even\">\n\t<td class=\"column-1\">Package Size<\/td><td class=\"column-2\">750 ml<\/td>\n<\/tr>\n<tr class=\"row-3 odd\">\n\t<td class=\"column-1\">Pieces in Box<\/td><td class=\"column-2\">12 Pieces<\/td>\n<\/tr>\n<tr class=\"row-4 even\">\n\t<td class=\"column-1\">Barcode<\/td><td class=\"column-2\">8693234333475<\/td>\n<\/tr>\n<\/tbody>\n<\/table>\n<\/p>\n\n\t\t<\/div>\n\t<\/div>\n<\/div><\/div><\/div><div class=\"wpb_column vc_column_container vc_col-sm-3\"><div class=\"vc_column-inner\"><div class=\"wpb_wrapper\">\n\t<div  class=\"wpb_single_image wpb_content_element vc_align_center\">\n\t\t\n\t\t<figure class=\"wpb_wrapper vc_figure\">\n\t\t\t<div class=\"vc_single_image-wrapper vc_box_border  vc_box_border_grey\"><img width=\"533\" height=\"800\" src=\"https:\/\/yakamoz.com\/wp-content\/uploads\/2023\/02\/limonsos1000pet.png\" class=\"vc_single_image-img attachment-full\" alt=\"\" decoding=\"async\" loading=\"lazy\" title=\"limonsos1000pet\" srcset=\"https:\/\/yakamoz.com\/wp-content\/uploads\/2023\/02\/limonsos1000pet.png 533w, https:\/\/yakamoz.com\/wp-content\/uploads\/2023\/02\/limonsos1000pet-200x300.png 200w, https:\/\/yakamoz.com\/wp-content\/uploads\/2023\/02\/limonsos1000pet-8x12.png 8w\" sizes=\"(max-width: 533px) 100vw, 533px\" \/><\/div>\n\t\t<\/figure>\n\t<\/div>\n<\/div><\/div><\/div><div class=\"wpb_column vc_column_container vc_col-sm-3\"><div class=\"vc_column-inner\"><div class=\"wpb_wrapper\"><p style=\"color: #3f3f3f;text-align: center;font-family:Montserrat;font-weight:700;font-style:normal\" class=\"vc_custom_heading\" >Yakamoz Lemon Flavored Sauce 1000ml<\/p>\n\t<div class=\"wpb_text_column wpb_content_element\" >\n\t\t<div class=\"wpb_wrapper\">\n\t\t\t\n<table id=\"tablepress-54\" class=\"tablepress tablepress-id-54\">\n<tbody class=\"row-hover\">\n<tr class=\"row-1 odd\">\n\t<td class=\"column-1\">Packaging Type<\/td><td class=\"column-2\">Pet Bottle<\/td>\n<\/tr>\n<tr class=\"row-2 even\">\n\t<td class=\"column-1\">Package Size<\/td><td class=\"column-2\">1000 ml<\/td>\n<\/tr>\n<tr class=\"row-3 odd\">\n\t<td class=\"column-1\">Pieces in Box<\/td><td class=\"column-2\">12 Pieces<\/td>\n<\/tr>\n<tr class=\"row-4 even\">\n\t<td class=\"column-1\">Barcode<\/td><td class=\"column-2\">8693234333390<\/td>\n<\/tr>\n<\/tbody>\n<\/table>\n\n\n\t\t<\/div>\n\t<\/div>\n<\/div><\/div><\/div>\n\t\t\t\t<\/div>\n\t\t\t<\/div><div class=\"vc_row wpb_row vc_row-fluid\">\n\t\t\t\t<div   class=\"jws-vc-row-ovelay\"><\/div>\n                <div  class=\"jws-over-lay\"><\/div>\n\t\t\t\t<div class=\"container\">\n\t\t\t\t\t<div class=\"wpb_column vc_column_container vc_col-sm-3\"><div class=\"vc_column-inner\"><div class=\"wpb_wrapper\">\n\t<div  class=\"wpb_single_image wpb_content_element vc_align_center\">\n\t\t\n\t\t<figure class=\"wpb_wrapper vc_figure\">\n\t\t\t<div class=\"vc_single_image-wrapper vc_box_border  vc_box_border_grey\"><img width=\"533\" height=\"800\" src=\"https:\/\/yakamoz.com\/wp-content\/uploads\/2023\/02\/limonsos2000pet.png\" class=\"vc_single_image-img attachment-full\" alt=\"\" decoding=\"async\" loading=\"lazy\" title=\"limonsos2000pet\" srcset=\"https:\/\/yakamoz.com\/wp-content\/uploads\/2023\/02\/limonsos2000pet.png 533w, https:\/\/yakamoz.com\/wp-content\/uploads\/2023\/02\/limonsos2000pet-200x300.png 200w, https:\/\/yakamoz.com\/wp-content\/uploads\/2023\/02\/limonsos2000pet-8x12.png 8w\" sizes=\"(max-width: 533px) 100vw, 533px\" \/><\/div>\n\t\t<\/figure>\n\t<\/div>\n<\/div><\/div><\/div><div class=\"wpb_column vc_column_container vc_col-sm-3\"><div class=\"vc_column-inner\"><div class=\"wpb_wrapper\"><p style=\"color: #3f3f3f;text-align: center;font-family:Montserrat;font-weight:700;font-style:normal\" class=\"vc_custom_heading\" >Yakamoz Lemon Flavored Sauce 2000ml<\/p>\n\t<div class=\"wpb_text_column wpb_content_element\" >\n\t\t<div class=\"wpb_wrapper\">\n\t\t\t<p style=\"text-align: center;\">\n<table id=\"tablepress-55\" class=\"tablepress tablepress-id-55\">\n<tbody class=\"row-hover\">\n<tr class=\"row-1 odd\">\n\t<td class=\"column-1\">Packaging Type<\/td><td class=\"column-2\">Pet Bottle<\/td>\n<\/tr>\n<tr class=\"row-2 even\">\n\t<td class=\"column-1\">Package Size<\/td><td class=\"column-2\">2000 ml<\/td>\n<\/tr>\n<tr class=\"row-3 odd\">\n\t<td class=\"column-1\">Pieces in Box<\/td><td class=\"column-2\">9 Pieces<\/td>\n<\/tr>\n<tr class=\"row-4 even\">\n\t<td class=\"column-1\">Barcode<\/td><td class=\"column-2\">8693234333413<\/td>\n<\/tr>\n<\/tbody>\n<\/table>\n<\/p>\n\n\t\t<\/div>\n\t<\/div>\n<\/div><\/div><\/div><div class=\"wpb_column vc_column_container vc_col-sm-3\"><div class=\"vc_column-inner\"><div class=\"wpb_wrapper\">\n\t<div  class=\"wpb_single_image wpb_content_element vc_align_center\">\n\t\t\n\t\t<figure class=\"wpb_wrapper vc_figure\">\n\t\t\t<div class=\"vc_single_image-wrapper vc_box_border  vc_box_border_grey\"><img width=\"533\" height=\"800\" src=\"https:\/\/yakamoz.com\/wp-content\/uploads\/2023\/02\/limonsos5000pet.png\" class=\"vc_single_image-img attachment-full\" alt=\"\" decoding=\"async\" loading=\"lazy\" title=\"limonsos5000pet\" srcset=\"https:\/\/yakamoz.com\/wp-content\/uploads\/2023\/02\/limonsos5000pet.png 533w, https:\/\/yakamoz.com\/wp-content\/uploads\/2023\/02\/limonsos5000pet-200x300.png 200w, https:\/\/yakamoz.com\/wp-content\/uploads\/2023\/02\/limonsos5000pet-8x12.png 8w\" sizes=\"(max-width: 533px) 100vw, 533px\" \/><\/div>\n\t\t<\/figure>\n\t<\/div>\n<\/div><\/div><\/div><div class=\"wpb_column vc_column_container vc_col-sm-3\"><div class=\"vc_column-inner\"><div class=\"wpb_wrapper\"><p style=\"color: #3f3f3f;text-align: center;font-family:Montserrat;font-weight:700;font-style:normal\" class=\"vc_custom_heading\" >Yakamoz Lemon Flavored Sauce 5000ml<\/p>\n\t<div class=\"wpb_text_column wpb_content_element\" >\n\t\t<div class=\"wpb_wrapper\">\n\t\t\t\n<table id=\"tablepress-56\" class=\"tablepress tablepress-id-56\">\n<tbody class=\"row-hover\">\n<tr class=\"row-1 odd\">\n\t<td class=\"column-1\">Packaging Type<\/td><td class=\"column-2\">Pet Bottle<\/td>\n<\/tr>\n<tr class=\"row-2 even\">\n\t<td class=\"column-1\">Package Size<\/td><td class=\"column-2\">5000 ml<\/td>\n<\/tr>\n<tr class=\"row-3 odd\">\n\t<td class=\"column-1\">Pieces in Box<\/td><td class=\"column-2\">4 Pieces<\/td>\n<\/tr>\n<tr class=\"row-4 even\">\n\t<td class=\"column-1\">Barcode<\/td><td class=\"column-2\">8693234333420<\/td>\n<\/tr>\n<\/tbody>\n<\/table>\n\n\n\t\t<\/div>\n\t<\/div>\n<\/div><\/div><\/div>\n\t\t\t\t<\/div>\n\t\t\t<\/div>\n<\/section>","protected":false},"excerpt":{"rendered":"Yakamoz Limon Aromal\u0131 Sos 250ml Ambalaj TipiPet \u015ei\u015fe Hacim250 ml Koli \u0130\u00e7i Adet20 Adet Barkod8693234333949 Yakamoz Limon Aromal\u0131 Sos 500ml Ambalaj TipiPet \u015ei\u015fe Hacim500 ml Koli \u0130\u00e7i Adet20 Adet Barkod8693234333383 Yakamoz Limon Aromal\u0131 Sos 750ml Ambalaj TipiPet \u015ei\u015fe Hacim750 ml Koli \u0130\u00e7i Adet12 Adet Barkod8693234333475 Yakamoz Limon Aromal\u0131 Sos 1000ml Ambalaj TipiPet \u015ei\u015fe Hacim1000 ml [...]","protected":false},"author":1,"featured_media":0,"parent":0,"menu_order":0,"comment_status":"closed","ping_status":"closed","template":"","meta":[],"_links":{"self":[{"href":"https:\/\/yakamoz.com\/en\/wp-json\/wp\/v2\/pages\/2616"}],"collection":[{"href":"https:\/\/yakamoz.com\/en\/wp-json\/wp\/v2\/pages"}],"about":[{"href":"https:\/\/yakamoz.com\/en\/wp-json\/wp\/v2\/types\/page"}],"author":[{"embeddable":true,"href":"https:\/\/yakamoz.com\/en\/wp-json\/wp\/v2\/users\/1"}],"replies":[{"embeddable":true,"href":"https:\/\/yakamoz.com\/en\/wp-json\/wp\/v2\/comments?post=2616"}],"version-history":[{"count":4,"href":"https:\/\/yakamoz.com\/en\/wp-json\/wp\/v2\/pages\/2616\/revisions"}],"predecessor-version":[{"id":2837,"href":"https:\/\/yakamoz.com\/en\/wp-json\/wp\/v2\/pages\/2616\/revisions\/2837"}],"wp:attachment":[{"href":"https:\/\/yakamoz.com\/en\/wp-json\/wp\/v2\/media?parent=2616"}],"curies":[{"name":"wp","href":"https:\/\/api.w.org\/{rel}","templated":true}]}}