{"id":2297,"date":"2023-02-06T16:55:29","date_gmt":"2023-02-06T13:55:29","guid":{"rendered":"https:\/\/yakamoz.com\/stok2\/?page_id=2297"},"modified":"2023-02-23T15:36:11","modified_gmt":"2023-02-23T12:36:11","slug":"ziraat-alaninda-sirkenin-onemi","status":"publish","type":"page","link":"https:\/\/yakamoz.com\/en\/ziraat-alaninda-sirkenin-onemi\/","title":{"rendered":"The Importance of Vinegar in Agriculture"},"content":{"rendered":"<section class=\"wpb-content-wrapper\"><div class=\"vc_row wpb_row vc_row-fluid\">\n\t\t\t\t<div   class=\"jws-vc-row-ovelay\"><\/div>\n                <div  class=\"jws-over-lay\"><\/div>\n\t\t\t\t<div class=\"container\">\n\t\t\t\t\t<div class=\"wpb_column vc_column_container vc_col-sm-12\"><div class=\"vc_column-inner\"><div class=\"wpb_wrapper\"><\/div><\/div><\/div><div class=\"wpb_column vc_column_container vc_col-sm-12\"><div class=\"vc_column-inner\"><div class=\"wpb_wrapper\"><div class=\"vc_empty_space\"   style=\"height: 32px\"><span class=\"vc_empty_space_inner\"><\/span><\/div><\/div><\/div><\/div>\n\t\t\t\t<\/div>\n\t\t\t<\/div><div class=\"vc_row wpb_row vc_row-fluid\">\n\t\t\t\t<div   class=\"jws-vc-row-ovelay\"><\/div>\n                <div  class=\"jws-over-lay\"><\/div>\n\t\t\t\t<div class=\"container\">\n\t\t\t\t\t<div class=\"wpb_column vc_column_container vc_col-sm-6\"><div class=\"vc_column-inner\"><div class=\"wpb_wrapper\">\n\t<div class=\"wpb_text_column wpb_content_element\" >\n\t\t<div class=\"wpb_wrapper\">\n\t\t\t<p><strong>The Importance of Vinegar in Agriculture<\/strong><\/p>\n<p>Yabani otlardan kurtulmak i\u00e7in kimyasallara para harcamaktan vazge\u00e7in. Bunun yerine bitkilerinizin \u00fczerine sirke d\u00f6kmeyi deneyin. Sirkenin yap\u0131s\u0131nda bulunan asetik asit, fazla otlar\u0131n b\u00fcy\u00fcmelerini durdurur ve topra\u011fa zarar vermez. Birebir \u00f6l\u00e7\u00fclerde sirke ve su kar\u0131\u015f\u0131m\u0131 ise kar\u0131ncalar\u0131n ve kemirgen hayvanlar\u0131n bah\u00e7enizden uzak durmalar\u0131n\u0131 sa\u011flar. Taze \u00e7i\u00e7ek buketinizi koydu\u011funuz vazonun suyuna 2 yemek ka\u015f\u0131\u011f\u0131 sirke ve 1 \u00e7ay ka\u015f\u0131\u011f\u0131 \u015feker koyarak daha uzun bir s\u00fcre boyunca taze kalmas\u0131n\u0131 sa\u011flayabilirsiniz.<\/p>\n<p>Sirke, bah\u00e7ede kullan\u0131lan pahal\u0131 kimyasallar\u0131n yerine ge\u00e7mekle kalm\u0131yor, ayn\u0131 zamanda da tuvalet temizli\u011fi ve dezenfektan \u00fcr\u00fcn yerine de kullan\u0131labilmektedir.<\/p>\n<p><strong>Yabani Otlar\u0131 Gidermek<\/strong><\/p>\n<p>Sirke yabani otlarla sava\u015fta \u00e7ok etkilidir. Sirke ile en etkili tar\u0131m ilac\u0131n\u0131 yapabilirsiniz:<\/p>\n<p>4 litre sirkeye, 1 tatl\u0131 ka\u015f\u0131\u011f\u0131 s\u0131v\u0131 sabun (arap sabunu) kar\u0131\u015ft\u0131rarak zararl\u0131larla m\u00fccadelede kullan\u0131labilir.<\/p>\n<p>Bah\u00e7edeki Kar\u0131nca ve B\u00f6cekleri Uzakla\u015ft\u0131rmak<\/p>\n<p>\u00d6zellikle yaz aylar\u0131nda bah\u00e7enizi istila eden kar\u0131ncalar\u0131 \u00f6ld\u00fcrmeden kovmak i\u00e7in sirke kullanabilirsiniz.<\/p>\n<p>Bir sprey \u015fi\u015fesinin yar\u0131s\u0131n\u0131 su ve yar\u0131s\u0131n\u0131 sirke ile doldurun. Kar\u0131ncalar\u0131n y\u00fcr\u00fcy\u00fc\u015f yollar\u0131n\u0131n etraf\u0131na, bah\u00e7enizin duvarlar\u0131na p\u00fcsk\u00fcrt\u00fcn.<\/p>\n<p>Ayr\u0131ca kar\u0131ncalar\u0131 ve sinekleri uzak tutmak i\u00e7in sirkeyi evinizin pencere kenarlar\u0131na da p\u00fcsk\u00fcrtebilirsiniz.<\/p>\n\n\t\t<\/div>\n\t<\/div>\n<\/div><\/div><\/div><div class=\"wpb_column vc_column_container vc_col-sm-6\"><div class=\"vc_column-inner\"><div class=\"wpb_wrapper\">\n\t<div class=\"wpb_text_column wpb_content_element\" >\n\t\t<div class=\"wpb_wrapper\">\n\t\t\t<p><img decoding=\"async\" loading=\"lazy\" class=\"alignnone wp-image-2300\" src=\"https:\/\/yakamoz.com\/stok2\/wp-content\/uploads\/2023\/02\/ziraat.png\" alt=\"\" width=\"468\" height=\"487\" srcset=\"https:\/\/yakamoz.com\/wp-content\/uploads\/2023\/02\/ziraat.png 570w, https:\/\/yakamoz.com\/wp-content\/uploads\/2023\/02\/ziraat-288x300.png 288w, https:\/\/yakamoz.com\/wp-content\/uploads\/2023\/02\/ziraat-12x12.png 12w\" sizes=\"(max-width: 468px) 100vw, 468px\" \/><\/p>\n\n\t\t<\/div>\n\t<\/div>\n<\/div><\/div><\/div>\n\t\t\t\t<\/div>\n\t\t\t<\/div>\n<\/section>","protected":false},"excerpt":{"rendered":"Ziraat Alan\u0131nda Sirkenin \u00d6nemi Yabani otlardan kurtulmak i\u00e7in kimyasallara para harcamaktan vazge\u00e7in. Bunun yerine bitkilerinizin \u00fczerine sirke d\u00f6kmeyi deneyin. Sirkenin yap\u0131s\u0131nda bulunan asetik asit, fazla otlar\u0131n b\u00fcy\u00fcmelerini durdurur ve topra\u011fa zarar vermez. Birebir \u00f6l\u00e7\u00fclerde sirke ve su kar\u0131\u015f\u0131m\u0131 ise kar\u0131ncalar\u0131n ve kemirgen hayvanlar\u0131n bah\u00e7enizden uzak durmalar\u0131n\u0131 sa\u011flar. Taze \u00e7i\u00e7ek buketinizi koydu\u011funuz vazonun suyuna 2 yemek [...]","protected":false},"author":1,"featured_media":0,"parent":0,"menu_order":0,"comment_status":"closed","ping_status":"closed","template":"","meta":[],"_links":{"self":[{"href":"https:\/\/yakamoz.com\/en\/wp-json\/wp\/v2\/pages\/2297"}],"collection":[{"href":"https:\/\/yakamoz.com\/en\/wp-json\/wp\/v2\/pages"}],"about":[{"href":"https:\/\/yakamoz.com\/en\/wp-json\/wp\/v2\/types\/page"}],"author":[{"embeddable":true,"href":"https:\/\/yakamoz.com\/en\/wp-json\/wp\/v2\/users\/1"}],"replies":[{"embeddable":true,"href":"https:\/\/yakamoz.com\/en\/wp-json\/wp\/v2\/comments?post=2297"}],"version-history":[{"count":4,"href":"https:\/\/yakamoz.com\/en\/wp-json\/wp\/v2\/pages\/2297\/revisions"}],"predecessor-version":[{"id":2851,"href":"https:\/\/yakamoz.com\/en\/wp-json\/wp\/v2\/pages\/2297\/revisions\/2851"}],"wp:attachment":[{"href":"https:\/\/yakamoz.com\/en\/wp-json\/wp\/v2\/media?parent=2297"}],"curies":[{"name":"wp","href":"https:\/\/api.w.org\/{rel}","templated":true}]}}