{"id":2293,"date":"2023-02-06T16:52:24","date_gmt":"2023-02-06T13:52:24","guid":{"rendered":"https:\/\/yakamoz.com\/stok2\/?page_id=2293"},"modified":"2023-02-23T15:32:47","modified_gmt":"2023-02-23T12:32:47","slug":"saglik-alaninda-elma-sirkesi-kullanimi","status":"publish","type":"page","link":"https:\/\/yakamoz.com\/en\/saglik-alaninda-elma-sirkesi-kullanimi\/","title":{"rendered":"Use of Apple Cider Vinegar in Health"},"content":{"rendered":"<section class=\"wpb-content-wrapper\"><div class=\"vc_row wpb_row vc_row-fluid\">\n\t\t\t\t<div   class=\"jws-vc-row-ovelay\"><\/div>\n                <div  class=\"jws-over-lay\"><\/div>\n\t\t\t\t<div class=\"container\">\n\t\t\t\t\t<div class=\"wpb_column vc_column_container vc_col-sm-12\"><div class=\"vc_column-inner\"><div class=\"wpb_wrapper\"><\/div><\/div><\/div><div class=\"wpb_column vc_column_container vc_col-sm-12\"><div class=\"vc_column-inner\"><div class=\"wpb_wrapper\"><div class=\"vc_empty_space\"   style=\"height: 32px\"><span class=\"vc_empty_space_inner\"><\/span><\/div><\/div><\/div><\/div>\n\t\t\t\t<\/div>\n\t\t\t<\/div><div class=\"vc_row wpb_row vc_row-fluid\">\n\t\t\t\t<div   class=\"jws-vc-row-ovelay\"><\/div>\n                <div  class=\"jws-over-lay\"><\/div>\n\t\t\t\t<div class=\"container\">\n\t\t\t\t\t<div class=\"wpb_column vc_column_container vc_col-sm-6\"><div class=\"vc_column-inner\"><div class=\"wpb_wrapper\">\n\t<div class=\"wpb_text_column wpb_content_element\" >\n\t\t<div class=\"wpb_wrapper\">\n\t\t\t<p><strong>Use of Apple Cider Vinegar in Health<\/strong><\/p>\n<p>Vinegar is said to have been found around 5000 BC. Left to itself, the grape juice first turned into wine and then into vinegar. The use of vinegar in medicine, which was previously used to preserve food, came later. Hippocrates used vinegar to heal wounds. In the 1700s, medical professionals used vinegar in a wide variety of areas, from poison ivy damage to stomachaches. Vinegar has even been used to treat Type 1 diabetes.<\/p>\n<p>Vinegar, which means sour wine in French, can be made with any carbohydrate that can ferment; for example, grapes, dates, coconuts, potatoes, beets and, of course, apples. Traditionally, vinegar is made through a long and slow fermentation process. Thus, the fruit becomes rich in bioactive components such as natural acetic acid, gallic acid, catechin, epicatechin, caffeic acid, which gives apple cider vinegar an antioxidant and antimicrobial effect.<\/p>\n<p><strong>\u00a0Diabetes<\/strong><\/p>\n<p>Vinegar has been shown to be effective in regulating blood sugar.<\/p>\n<p><strong>Regulates Blood Sugar<\/strong><\/p>\n<p>When you use apple cider vinegar, you may find that your blood sugar level drops. <strong>Heart health<\/strong><\/p>\n<p>Vinegar supports heart health as it is effective in lowering cholesterol, triglycerides and blood pressure.<\/p>\n<p>Regular consumption of vinegar lowers blood triglycerides, cholesterol and blood pressure. Thus, the risk of developing cardiovascular diseases is reduced. Vinegar has important contributions to the prevention of cancer development in some types of cancer.<\/p>\n<p><strong>Skin Irritations<\/strong><\/p>\n<p>Vinegar, which cleans the skin and opens the pores, is mixed with water and applied to the skin with the help of cotton. It reduces microbial problems by killing bacteria on the skin. It can be used as a support in the treatment of skin problems that increase with bacterial growth such as acne. Apple cider vinegar can be used for skin blemishes.<\/p>\n\n\t\t<\/div>\n\t<\/div>\n<\/div><\/div><\/div><div class=\"wpb_column vc_column_container vc_col-sm-6\"><div class=\"vc_column-inner\"><div class=\"wpb_wrapper\">\n\t<div class=\"wpb_text_column wpb_content_element\" >\n\t\t<div class=\"wpb_wrapper\">\n\t\t\t<p><img decoding=\"async\" loading=\"lazy\" class=\"alignnone wp-image-2295\" src=\"https:\/\/yakamoz.com\/stok2\/wp-content\/uploads\/2023\/02\/elma-570x594-1.png\" alt=\"\" width=\"409\" height=\"426\" srcset=\"\" sizes=\"(max-width: 409px) 100vw, 409px\" data-srcset=\"\" \/><\/p>\n\n\t\t<\/div>\n\t<\/div>\n<\/div><\/div><\/div>\n\t\t\t\t<\/div>\n\t\t\t<\/div>\n<\/section>","protected":false},"excerpt":{"rendered":"Sa\u011fl\u0131k Alan\u0131nda Elma Sirkesi Kullan\u0131m\u0131 Sirkenin M\u00d6 5000 y\u0131llar\u0131nda bulundu\u011fu s\u00f6yleniyor. Kendi haline b\u0131rak\u0131lan \u00fcz\u00fcm suyu \u00f6nce \u015faraba sonra da sirkeye d\u00f6n\u00fc\u015fm\u00fc\u015f. \u00d6nceleri yiyecekleri saklamakta kullan\u0131lan sirkenin t\u0131p alan\u0131ndaki kullan\u0131mlar\u0131 sonradan gelmi\u015f. Hipokrat sirkeyi yaralar\u0131 iyile\u015ftirmekte kullanm\u0131\u015f. 1700\u2019lerde t\u0131p alan\u0131nda \u00e7al\u0131\u015fanlar sirkeyi zehirli sarma\u015f\u0131k zarar\u0131ndan mide a\u011fr\u0131lar\u0131na kadar \u00e7ok \u00e7e\u015fitli alanlarda kullanm\u0131\u015flar. Sirke Tip 1 [...]","protected":false},"author":1,"featured_media":0,"parent":0,"menu_order":0,"comment_status":"closed","ping_status":"closed","template":"","meta":[],"_links":{"self":[{"href":"https:\/\/yakamoz.com\/en\/wp-json\/wp\/v2\/pages\/2293"}],"collection":[{"href":"https:\/\/yakamoz.com\/en\/wp-json\/wp\/v2\/pages"}],"about":[{"href":"https:\/\/yakamoz.com\/en\/wp-json\/wp\/v2\/types\/page"}],"author":[{"embeddable":true,"href":"https:\/\/yakamoz.com\/en\/wp-json\/wp\/v2\/users\/1"}],"replies":[{"embeddable":true,"href":"https:\/\/yakamoz.com\/en\/wp-json\/wp\/v2\/comments?post=2293"}],"version-history":[{"count":4,"href":"https:\/\/yakamoz.com\/en\/wp-json\/wp\/v2\/pages\/2293\/revisions"}],"predecessor-version":[{"id":2839,"href":"https:\/\/yakamoz.com\/en\/wp-json\/wp\/v2\/pages\/2293\/revisions\/2839"}],"wp:attachment":[{"href":"https:\/\/yakamoz.com\/en\/wp-json\/wp\/v2\/media?parent=2293"}],"curies":[{"name":"wp","href":"https:\/\/api.w.org\/{rel}","templated":true}]}}