{"id":2134,"date":"2023-02-01T11:20:39","date_gmt":"2023-02-01T08:20:39","guid":{"rendered":"https:\/\/yakamoz.com\/stok2\/?page_id=2134"},"modified":"2023-02-23T15:36:02","modified_gmt":"2023-02-23T12:36:02","slug":"zencefilli-sirkeli-icecek-tarifi","status":"publish","type":"page","link":"https:\/\/yakamoz.com\/en\/zencefilli-sirkeli-icecek-tarifi\/","title":{"rendered":"Ginger Vinegar Drink Recipe"},"content":{"rendered":"<section class=\"wpb-content-wrapper\"><div class=\"vc_row wpb_row vc_row-fluid\">\n\t\t\t\t<div   class=\"jws-vc-row-ovelay\"><\/div>\n                <div  class=\"jws-over-lay\"><\/div>\n\t\t\t\t<div class=\"container\">\n\t\t\t\t\t<div class=\"wpb_column vc_column_container vc_col-sm-12\"><div class=\"vc_column-inner\"><div class=\"wpb_wrapper\"><\/div><\/div><\/div><div class=\"wpb_column vc_column_container vc_col-sm-12\"><div class=\"vc_column-inner\"><div class=\"wpb_wrapper\"><div class=\"vc_empty_space\"   style=\"height: 32px\"><span class=\"vc_empty_space_inner\"><\/span><\/div><\/div><\/div><\/div>\n\t\t\t\t<\/div>\n\t\t\t<\/div><div class=\"vc_row wpb_row vc_row-fluid\">\n\t\t\t\t<div   class=\"jws-vc-row-ovelay\"><\/div>\n                <div  class=\"jws-over-lay\"><\/div>\n\t\t\t\t<div class=\"container\">\n\t\t\t\t\t<div class=\"wpb_column vc_column_container vc_col-sm-6\"><div class=\"vc_column-inner\"><div class=\"wpb_wrapper\">\n\t<div class=\"wpb_text_column wpb_content_element\" >\n\t\t<div class=\"wpb_wrapper\">\n\t\t\t<p><strong>Ginger Vinegar Drink Recipe<\/strong><\/p>\n<ul>\n<li>2 tbsp apple cider vinegar<\/li>\n<li>4 tbsp honey<\/li>\n<li>1\/4 tbsp powder or 1 tbsp fresh ginger<\/li>\n<li>1 tbsp water<\/li>\n<\/ul>\n<p>Mix all ingredients in a pitcher. Keep the mixture closed in at least two refrigerators. Shake before serving. Serve with soda or ice.<\/p>\n\n\t\t<\/div>\n\t<\/div>\n<\/div><\/div><\/div><div class=\"wpb_column vc_column_container vc_col-sm-6\"><div class=\"vc_column-inner\"><div class=\"wpb_wrapper\">\n\t<div class=\"wpb_text_column wpb_content_element\" >\n\t\t<div class=\"wpb_wrapper\">\n\t\t\t<p><img decoding=\"async\" loading=\"lazy\" class=\"wp-image-2103 alignnone\" src=\"https:\/\/yakamoz.com\/stok2\/wp-content\/uploads\/2023\/02\/zencefil.png\" alt=\"\" width=\"437\" height=\"454\" srcset=\"\" sizes=\"(max-width: 437px) 100vw, 437px\" data-srcset=\"\" \/><\/p>\n\n\t\t<\/div>\n\t<\/div>\n<\/div><\/div><\/div>\n\t\t\t\t<\/div>\n\t\t\t<\/div>\n<\/section>","protected":false},"excerpt":{"rendered":"Zencefilli Sirkeli \u0130\u00e7ecek Tarifi 2 YK elma sirkesi 4 YK bal 1\/4 TK toz veya 1 TK taze zencefil 1 SB su B\u00fct\u00fcn malzemeleri bir s\u00fcrahide kar\u0131\u015ft\u0131r\u0131n. Kar\u0131\u015f\u0131m\u0131 en az iki buz dolab\u0131nda a\u011fz\u0131 kapal\u0131 bir bi\u00e7imde bekletin. Servis etmeden \u00f6nce \u00e7alkalay\u0131n. Soda veya buzla servis edin.","protected":false},"author":1,"featured_media":0,"parent":0,"menu_order":0,"comment_status":"closed","ping_status":"closed","template":"","meta":[],"_links":{"self":[{"href":"https:\/\/yakamoz.com\/en\/wp-json\/wp\/v2\/pages\/2134"}],"collection":[{"href":"https:\/\/yakamoz.com\/en\/wp-json\/wp\/v2\/pages"}],"about":[{"href":"https:\/\/yakamoz.com\/en\/wp-json\/wp\/v2\/types\/page"}],"author":[{"embeddable":true,"href":"https:\/\/yakamoz.com\/en\/wp-json\/wp\/v2\/users\/1"}],"replies":[{"embeddable":true,"href":"https:\/\/yakamoz.com\/en\/wp-json\/wp\/v2\/comments?post=2134"}],"version-history":[{"count":3,"href":"https:\/\/yakamoz.com\/en\/wp-json\/wp\/v2\/pages\/2134\/revisions"}],"predecessor-version":[{"id":2850,"href":"https:\/\/yakamoz.com\/en\/wp-json\/wp\/v2\/pages\/2134\/revisions\/2850"}],"wp:attachment":[{"href":"https:\/\/yakamoz.com\/en\/wp-json\/wp\/v2\/media?parent=2134"}],"curies":[{"name":"wp","href":"https:\/\/api.w.org\/{rel}","templated":true}]}}