{"id":2131,"date":"2023-02-01T11:18:52","date_gmt":"2023-02-01T08:18:52","guid":{"rendered":"https:\/\/yakamoz.com\/stok2\/?page_id=2131"},"modified":"2023-02-23T15:34:28","modified_gmt":"2023-02-23T12:34:28","slug":"sirkeli-lahana-tursusu-tarifi","status":"publish","type":"page","link":"https:\/\/yakamoz.com\/en\/sirkeli-lahana-tursusu-tarifi\/","title":{"rendered":"Sauerkraut Recipe with Vinegar"},"content":{"rendered":"<section class=\"wpb-content-wrapper\"><div class=\"vc_row wpb_row vc_row-fluid\">\n\t\t\t\t<div   class=\"jws-vc-row-ovelay\"><\/div>\n                <div  class=\"jws-over-lay\"><\/div>\n\t\t\t\t<div class=\"container\">\n\t\t\t\t\t<div class=\"wpb_column vc_column_container vc_col-sm-12\"><div class=\"vc_column-inner\"><div class=\"wpb_wrapper\"><\/div><\/div><\/div><div class=\"wpb_column vc_column_container vc_col-sm-12\"><div class=\"vc_column-inner\"><div class=\"wpb_wrapper\"><div class=\"vc_empty_space\"   style=\"height: 32px\"><span class=\"vc_empty_space_inner\"><\/span><\/div><\/div><\/div><\/div>\n\t\t\t\t<\/div>\n\t\t\t<\/div><div class=\"vc_row wpb_row vc_row-fluid\">\n\t\t\t\t<div   class=\"jws-vc-row-ovelay\"><\/div>\n                <div  class=\"jws-over-lay\"><\/div>\n\t\t\t\t<div class=\"container\">\n\t\t\t\t\t<div class=\"wpb_column vc_column_container vc_col-sm-6\"><div class=\"vc_column-inner\"><div class=\"wpb_wrapper\">\n\t<div class=\"wpb_text_column wpb_content_element\" >\n\t\t<div class=\"wpb_wrapper\">\n\t\t\t<p><strong>Sauerkraut Recipe with Vinegar<\/strong><\/p>\n<ul>\n<li>1 purple cabbage<\/li>\n<li>1\/2 Tbs rock salt<\/li>\n<li>1\/2 tsp vinegar<\/li>\n<li>1\/2 cup water<\/li>\n<li>1 TK limon tuzu<\/li>\n<\/ul>\n<p>Chop the cabbage and rub with salt. Leave it for a while, rub again. Take the cabbages in a jar. Pour the watery mixture over the cabbage. Add the rock salt and lemon salt. Refrigerate for 3-4 days. Your pickle is ready to eat.<\/p>\n\n\t\t<\/div>\n\t<\/div>\n<\/div><\/div><\/div><div class=\"wpb_column vc_column_container vc_col-sm-6\"><div class=\"vc_column-inner\"><div class=\"wpb_wrapper\">\n\t<div class=\"wpb_text_column wpb_content_element\" >\n\t\t<div class=\"wpb_wrapper\">\n\t\t\t<p><img decoding=\"async\" loading=\"lazy\" class=\"alignnone wp-image-2102\" src=\"https:\/\/yakamoz.com\/stok2\/wp-content\/uploads\/2023\/02\/lahana.png\" alt=\"\" width=\"406\" height=\"422\" srcset=\"\" sizes=\"(max-width: 406px) 100vw, 406px\" data-srcset=\"\" \/><\/p>\n\n\t\t<\/div>\n\t<\/div>\n<\/div><\/div><\/div><div class=\"wpb_column vc_column_container vc_col-sm-12\"><div class=\"vc_column-inner\"><div class=\"wpb_wrapper\"><\/div><\/div><\/div><div class=\"wpb_column vc_column_container vc_col-sm-12\"><div class=\"vc_column-inner\"><div class=\"wpb_wrapper\"><\/div><\/div><\/div>\n\t\t\t\t<\/div>\n\t\t\t<\/div><div class=\"vc_row wpb_row vc_row-fluid\">\n\t\t\t\t<div   class=\"jws-vc-row-ovelay\"><\/div>\n                <div  class=\"jws-over-lay\"><\/div>\n\t\t\t\t<div class=\"container\">\n\t\t\t\t\t<div class=\"wpb_column vc_column_container vc_col-sm-12\"><div class=\"vc_column-inner\"><div class=\"wpb_wrapper\"><\/div><\/div><\/div>\n\t\t\t\t<\/div>\n\t\t\t<\/div>\n<\/section>","protected":false},"excerpt":{"rendered":"Sirkeli Lahana Tur\u015fusu Tarifi 1 adet mor lahana 1\/2 YK kaya tuzu 1\/2 SB sirke 1\/2 SB su 1 TK limon tuzu Lahanalar\u0131 do\u011fray\u0131p tuzla ovalay\u0131n. Bir s\u00fcre bekletin, tekrar ovalay\u0131n. Lahanalar\u0131 bir kavanoza al\u0131n. Sulu kar\u0131\u015f\u0131m\u0131 lahanan\u0131n \u00fczerine d\u00f6k\u00fcn. Kaya tuzunu ve limon tuzunu koyun. 3-4 g\u00fcn buzdolab\u0131nda bekletin. Tur\u015funuz yemeye haz\u0131r.","protected":false},"author":1,"featured_media":0,"parent":0,"menu_order":0,"comment_status":"closed","ping_status":"closed","template":"","meta":[],"_links":{"self":[{"href":"https:\/\/yakamoz.com\/en\/wp-json\/wp\/v2\/pages\/2131"}],"collection":[{"href":"https:\/\/yakamoz.com\/en\/wp-json\/wp\/v2\/pages"}],"about":[{"href":"https:\/\/yakamoz.com\/en\/wp-json\/wp\/v2\/types\/page"}],"author":[{"embeddable":true,"href":"https:\/\/yakamoz.com\/en\/wp-json\/wp\/v2\/users\/1"}],"replies":[{"embeddable":true,"href":"https:\/\/yakamoz.com\/en\/wp-json\/wp\/v2\/comments?post=2131"}],"version-history":[{"count":3,"href":"https:\/\/yakamoz.com\/en\/wp-json\/wp\/v2\/pages\/2131\/revisions"}],"predecessor-version":[{"id":2843,"href":"https:\/\/yakamoz.com\/en\/wp-json\/wp\/v2\/pages\/2131\/revisions\/2843"}],"wp:attachment":[{"href":"https:\/\/yakamoz.com\/en\/wp-json\/wp\/v2\/media?parent=2131"}],"curies":[{"name":"wp","href":"https:\/\/api.w.org\/{rel}","templated":true}]}}