{"id":2127,"date":"2023-02-01T11:16:42","date_gmt":"2023-02-01T08:16:42","guid":{"rendered":"https:\/\/yakamoz.com\/stok2\/?page_id=2127"},"modified":"2023-02-23T15:33:10","modified_gmt":"2023-02-23T12:33:10","slug":"sirke-soslu-tost-tarifi","status":"publish","type":"page","link":"https:\/\/yakamoz.com\/en\/sirke-soslu-tost-tarifi\/","title":{"rendered":"Vinegar Sauce Toast Recipe"},"content":{"rendered":"<section class=\"wpb-content-wrapper\"><div class=\"vc_row wpb_row vc_row-fluid\">\n\t\t\t\t<div   class=\"jws-vc-row-ovelay\"><\/div>\n                <div  class=\"jws-over-lay\"><\/div>\n\t\t\t\t<div class=\"container\">\n\t\t\t\t\t<div class=\"wpb_column vc_column_container vc_col-sm-12\"><div class=\"vc_column-inner\"><div class=\"wpb_wrapper\"><\/div><\/div><\/div><div class=\"wpb_column vc_column_container vc_col-sm-12\"><div class=\"vc_column-inner\"><div class=\"wpb_wrapper\"><div class=\"vc_empty_space\"   style=\"height: 32px\"><span class=\"vc_empty_space_inner\"><\/span><\/div><\/div><\/div><\/div>\n\t\t\t\t<\/div>\n\t\t\t<\/div><div class=\"vc_row wpb_row vc_row-fluid\">\n\t\t\t\t<div   class=\"jws-vc-row-ovelay\"><\/div>\n                <div  class=\"jws-over-lay\"><\/div>\n\t\t\t\t<div class=\"container\">\n\t\t\t\t\t<div class=\"wpb_column vc_column_container vc_col-sm-6\"><div class=\"vc_column-inner\"><div class=\"wpb_wrapper\">\n\t<div class=\"wpb_text_column wpb_content_element\" >\n\t\t<div class=\"wpb_wrapper\">\n\t\t\t<p><strong>Vinegar Sauce Toast Recipe<\/strong><\/p>\n<ul>\n<li>1 tbsp olive oil<\/li>\n<li>1 large green onion<\/li>\n<li>1\/2 tsp vinegar<\/li>\n<li>2 tbs brown sugar<\/li>\n<li>1\/2 tsp salt<\/li>\n<li>3 lb tomatoes<\/li>\n<li>1\/2 tsp grapes<\/li>\n<li>Toast bread<\/li>\n<li>1 slice of cheddar cheese<\/li>\n<\/ul>\n<p>Saute the green onions in olive oil. Add all the ingredients to the pan and boil for 20 minutes. After boiling, turn the heat down and wait for it to thicken for half an hour. Remove from the stove. Spread the cheese and mixture between the toasted bread. Fry in a toaster and serve.<\/p>\n\n\t\t<\/div>\n\t<\/div>\n<\/div><\/div><\/div><div class=\"wpb_column vc_column_container vc_col-sm-6\"><div class=\"vc_column-inner\"><div class=\"wpb_wrapper\">\n\t<div class=\"wpb_text_column wpb_content_element\" >\n\t\t<div class=\"wpb_wrapper\">\n\t\t\t<p><img decoding=\"async\" loading=\"lazy\" class=\"alignnone wp-image-2101\" src=\"https:\/\/yakamoz.com\/stok2\/wp-content\/uploads\/2023\/02\/tost.png\" alt=\"\" width=\"598\" height=\"621\" srcset=\"\" sizes=\"(max-width: 598px) 100vw, 598px\" data-srcset=\"\" \/><\/p>\n\n\t\t<\/div>\n\t<\/div>\n<\/div><\/div><\/div><div class=\"wpb_column vc_column_container vc_col-sm-12\"><div class=\"vc_column-inner\"><div class=\"wpb_wrapper\"><\/div><\/div><\/div><div class=\"wpb_column vc_column_container vc_col-sm-12\"><div class=\"vc_column-inner\"><div class=\"wpb_wrapper\"><\/div><\/div><\/div>\n\t\t\t\t<\/div>\n\t\t\t<\/div><div class=\"vc_row wpb_row vc_row-fluid\">\n\t\t\t\t<div   class=\"jws-vc-row-ovelay\"><\/div>\n                <div  class=\"jws-over-lay\"><\/div>\n\t\t\t\t<div class=\"container\">\n\t\t\t\t\t<div class=\"wpb_column vc_column_container vc_col-sm-12\"><div class=\"vc_column-inner\"><div class=\"wpb_wrapper\"><\/div><\/div><\/div>\n\t\t\t\t<\/div>\n\t\t\t<\/div>\n<\/section>","protected":false},"excerpt":{"rendered":"Sirke Soslu Tost Tarifi 1 YK zeytin ya\u011f\u0131 1 adet b\u00fcy\u00fck ye\u015fil so\u011fan 1\/2 SB sirke 2 YK esmer \u015feker 1\/2 TK tuz 3 SB domates 1\/2 SB \u00fcz\u00fcm Tos ekme\u011fi 1 dilim cheddar peyniri Ye\u015fil so\u011fanlar\u0131 zeytinya\u011f\u0131nda soteleyin. B\u00fct\u00fcn malzemeleri tavaya ekleyip 20 dakika kaynat\u0131n. Kaynad\u0131ktan sonra alt\u0131n\u0131 k\u0131s\u0131p yar\u0131m saat koyula\u015fmas\u0131n\u0131 bekleyin. Ocaktan [...]","protected":false},"author":1,"featured_media":0,"parent":0,"menu_order":0,"comment_status":"closed","ping_status":"closed","template":"","meta":[],"_links":{"self":[{"href":"https:\/\/yakamoz.com\/en\/wp-json\/wp\/v2\/pages\/2127"}],"collection":[{"href":"https:\/\/yakamoz.com\/en\/wp-json\/wp\/v2\/pages"}],"about":[{"href":"https:\/\/yakamoz.com\/en\/wp-json\/wp\/v2\/types\/page"}],"author":[{"embeddable":true,"href":"https:\/\/yakamoz.com\/en\/wp-json\/wp\/v2\/users\/1"}],"replies":[{"embeddable":true,"href":"https:\/\/yakamoz.com\/en\/wp-json\/wp\/v2\/comments?post=2127"}],"version-history":[{"count":3,"href":"https:\/\/yakamoz.com\/en\/wp-json\/wp\/v2\/pages\/2127\/revisions"}],"predecessor-version":[{"id":2841,"href":"https:\/\/yakamoz.com\/en\/wp-json\/wp\/v2\/pages\/2127\/revisions\/2841"}],"wp:attachment":[{"href":"https:\/\/yakamoz.com\/en\/wp-json\/wp\/v2\/media?parent=2127"}],"curies":[{"name":"wp","href":"https:\/\/api.w.org\/{rel}","templated":true}]}}