{"id":2121,"date":"2023-02-01T11:13:25","date_gmt":"2023-02-01T08:13:25","guid":{"rendered":"https:\/\/yakamoz.com\/stok2\/?page_id=2121"},"modified":"2023-02-23T15:33:33","modified_gmt":"2023-02-23T12:33:33","slug":"sirkelerin-en-guzeli-nar-sirkesinin-faydalari","status":"publish","type":"page","link":"https:\/\/yakamoz.com\/en\/sirkelerin-en-guzeli-nar-sirkesinin-faydalari\/","title":{"rendered":"The Best of Vinegar: Benefits of Pomegranate Vinegar"},"content":{"rendered":"<section class=\"wpb-content-wrapper\"><div class=\"vc_row wpb_row vc_row-fluid\">\n\t\t\t\t<div   class=\"jws-vc-row-ovelay\"><\/div>\n                <div  class=\"jws-over-lay\"><\/div>\n\t\t\t\t<div class=\"container\">\n\t\t\t\t\t<div class=\"wpb_column vc_column_container vc_col-sm-12\"><div class=\"vc_column-inner\"><div class=\"wpb_wrapper\"><\/div><\/div><\/div><div class=\"wpb_column vc_column_container vc_col-sm-12\"><div class=\"vc_column-inner\"><div class=\"wpb_wrapper\"><div class=\"vc_empty_space\"   style=\"height: 32px\"><span class=\"vc_empty_space_inner\"><\/span><\/div><\/div><\/div><\/div>\n\t\t\t\t<\/div>\n\t\t\t<\/div><div class=\"vc_row wpb_row vc_row-fluid\">\n\t\t\t\t<div   class=\"jws-vc-row-ovelay\"><\/div>\n                <div  class=\"jws-over-lay\"><\/div>\n\t\t\t\t<div class=\"container\">\n\t\t\t\t\t<div class=\"wpb_column vc_column_container vc_col-sm-6\"><div class=\"vc_column-inner\"><div class=\"wpb_wrapper\">\n\t<div class=\"wpb_text_column wpb_content_element\" >\n\t\t<div class=\"wpb_wrapper\">\n\t\t\t<p><strong>Sirkelerin En G\u00fczeli Nar Sirkesinin Faydalar\u0131<\/strong><\/p>\n<ul>\n<li>In this article, we have compiled important and necessary information about pomegranate vinegar.\u00a0<strong>pomegranate vinegar\u00a0<\/strong>It is a very beneficial food for human health thanks to the minerals and vitamins it contains in abundance. Thanks to its strong antioxidant effect, it strengthens the body resistance and immune system. It is very effective in muscle and joint development. Used in salads and dishes\u00a0<strong>pomegranate vinegar <\/strong>It gives a very different taste of groom with its sour taste.<\/li>\n<\/ul>\n<p>&nbsp;<\/p>\n<p><strong>What are the Benefits of Pomegranate Vinegar?<\/strong><\/p>\n<p>&nbsp;<\/p>\n<ul>\n<li><strong>pomegranate vinegar <\/strong>It plays a role in the treatment of many diseases. In this way, people who want to get rid of the disease\u00a0<strong>pomegranate vinegar<\/strong>\u00a0It is very useful to consume.<\/li>\n<li>It is effective in cardiovascular diseases.<\/li>\n<li>When used diluted, it provides protection against acne and acne on the face and protects the skin against acne spots on the face.<\/li>\n<li>It is effective in the fight against obesity and using it regularly helps to lose weight in a balanced way.<\/li>\n<li>It keeps cholesterol and blood sugar in balance.<\/li>\n<li>It acts as a natural antibiotic like other vinegars.<\/li>\n<li>It is used as an anti-aging for youthful appearance. When diluted and applied to the skin regularly, it eliminates late aging and skin roughness.<\/li>\n<li>It contains many vitamins and minerals.<\/li>\n<li>It is effective in the treatment of many diseases such as cancer. It plays an important role in taking on the task of protecting from such diseases.<\/li>\n<li>It strengthens the immune system in order to protect itself from a disease (cold, flu, cold, etc.) in winter and cold weather.<\/li>\n<li>It is used in muscle and joint pain and is used in the joint parts of people with rheumatism problems.\u00a0<strong>pomegranate vinegar <\/strong>It is recommended to use it regularly by massaging with it.<\/li>\n<\/ul>\n\n\t\t<\/div>\n\t<\/div>\n<\/div><\/div><\/div><div class=\"wpb_column vc_column_container vc_col-sm-6\"><div class=\"vc_column-inner\"><div class=\"wpb_wrapper\">\n\t<div class=\"wpb_text_column wpb_content_element\" >\n\t\t<div class=\"wpb_wrapper\">\n\t\t\t<p><img decoding=\"async\" loading=\"lazy\" class=\"alignnone wp-image-2097\" src=\"https:\/\/yakamoz.com\/stok2\/wp-content\/uploads\/2023\/02\/NAR.png\" alt=\"\" width=\"521\" height=\"542\" srcset=\"\" sizes=\"(max-width: 521px) 100vw, 521px\" data-srcset=\"\" \/><\/p>\n\n\t\t<\/div>\n\t<\/div>\n<\/div><\/div><\/div><div class=\"wpb_column vc_column_container vc_col-sm-12\"><div class=\"vc_column-inner\"><div class=\"wpb_wrapper\"><\/div><\/div><\/div><div class=\"wpb_column vc_column_container vc_col-sm-12\"><div class=\"vc_column-inner\"><div class=\"wpb_wrapper\"><\/div><\/div><\/div>\n\t\t\t\t<\/div>\n\t\t\t<\/div><div class=\"vc_row wpb_row vc_row-fluid\">\n\t\t\t\t<div   class=\"jws-vc-row-ovelay\"><\/div>\n                <div  class=\"jws-over-lay\"><\/div>\n\t\t\t\t<div class=\"container\">\n\t\t\t\t\t<div class=\"wpb_column vc_column_container vc_col-sm-12\"><div class=\"vc_column-inner\"><div class=\"wpb_wrapper\"><\/div><\/div><\/div>\n\t\t\t\t<\/div>\n\t\t\t<\/div>\n<\/section>","protected":false},"excerpt":{"rendered":"Sirkelerin En G\u00fczeli Nar Sirkesinin Faydalar\u0131 Bu yaz\u0131m\u0131zda sizlere nar sirkesi hakk\u0131nda \u00f6nemli ve gerekli bilgileri derledik.\u00a0Nar sirkesi\u00a0i\u00e7inde bolca bulundurdu\u011fu mineral ve vitaminler sayesinde insan sa\u011fl\u0131\u011f\u0131 a\u00e7\u0131s\u0131ndan \u00e7ok faydal\u0131 bir besindir. G\u00fc\u00e7l\u00fc antioksidan etkisi sayesinde v\u00fccut direncini ve ba\u011f\u0131\u015f\u0131kl\u0131k sistemini g\u00fc\u00e7lendirir. Kas ve eklem geli\u015fiminde olduk\u00e7a etkilidir. Salata ve yemeklerde kullan\u0131lan\u00a0nar sirkesi ek\u015fimsi tad\u0131yla \u00e7ok [...]","protected":false},"author":1,"featured_media":0,"parent":0,"menu_order":0,"comment_status":"closed","ping_status":"closed","template":"","meta":[],"_links":{"self":[{"href":"https:\/\/yakamoz.com\/en\/wp-json\/wp\/v2\/pages\/2121"}],"collection":[{"href":"https:\/\/yakamoz.com\/en\/wp-json\/wp\/v2\/pages"}],"about":[{"href":"https:\/\/yakamoz.com\/en\/wp-json\/wp\/v2\/types\/page"}],"author":[{"embeddable":true,"href":"https:\/\/yakamoz.com\/en\/wp-json\/wp\/v2\/users\/1"}],"replies":[{"embeddable":true,"href":"https:\/\/yakamoz.com\/en\/wp-json\/wp\/v2\/comments?post=2121"}],"version-history":[{"count":4,"href":"https:\/\/yakamoz.com\/en\/wp-json\/wp\/v2\/pages\/2121\/revisions"}],"predecessor-version":[{"id":2842,"href":"https:\/\/yakamoz.com\/en\/wp-json\/wp\/v2\/pages\/2121\/revisions\/2842"}],"wp:attachment":[{"href":"https:\/\/yakamoz.com\/en\/wp-json\/wp\/v2\/media?parent=2121"}],"curies":[{"name":"wp","href":"https:\/\/api.w.org\/{rel}","templated":true}]}}