{"id":2118,"date":"2023-02-01T11:11:31","date_gmt":"2023-02-01T08:11:31","guid":{"rendered":"https:\/\/yakamoz.com\/stok2\/?page_id=2118"},"modified":"2023-02-23T15:30:26","modified_gmt":"2023-02-23T12:30:26","slug":"her-gun-1-bardak-salgam-suyu-tuketirseniz-ne-olur","status":"publish","type":"page","link":"https:\/\/yakamoz.com\/en\/her-gun-1-bardak-salgam-suyu-tuketirseniz-ne-olur\/","title":{"rendered":"What Happens If You Consume 1 Glass of Turnip Juice Every Day?"},"content":{"rendered":"<section class=\"wpb-content-wrapper\"><div class=\"vc_row wpb_row vc_row-fluid\">\n\t\t\t\t<div   class=\"jws-vc-row-ovelay\"><\/div>\n                <div  class=\"jws-over-lay\"><\/div>\n\t\t\t\t<div class=\"container\">\n\t\t\t\t\t<div class=\"wpb_column vc_column_container vc_col-sm-12\"><div class=\"vc_column-inner\"><div class=\"wpb_wrapper\"><\/div><\/div><\/div><div class=\"wpb_column vc_column_container vc_col-sm-12\"><div class=\"vc_column-inner\"><div class=\"wpb_wrapper\"><div class=\"vc_empty_space\"   style=\"height: 32px\"><span class=\"vc_empty_space_inner\"><\/span><\/div><\/div><\/div><\/div>\n\t\t\t\t<\/div>\n\t\t\t<\/div><div class=\"vc_row wpb_row vc_row-fluid\">\n\t\t\t\t<div   class=\"jws-vc-row-ovelay\"><\/div>\n                <div  class=\"jws-over-lay\"><\/div>\n\t\t\t\t<div class=\"container\">\n\t\t\t\t\t<div class=\"wpb_column vc_column_container vc_col-sm-6\"><div class=\"vc_column-inner\"><div class=\"wpb_wrapper\">\n\t<div class=\"wpb_text_column wpb_content_element\" >\n\t\t<div class=\"wpb_wrapper\">\n\t\t\t<p><strong>What Happens If You Consume 1 Glass of Turnip Juice Every Day?<\/strong><\/p>\n<p>Turnip juice is a very useful beverage. Turnip juice is considered a functional food because it helps to remove toxins from the body, has a diuretic effect, reduces kidney stones and stones, helps treat abscesses, cirrhosis, boils, adolescence acne and eczema, has a softening effect on the chest, and cleanses the lungs and bronchi.<\/p>\n<p>Since it is a digestive beverage, it facilitates the digestion of meat when consumed with meat.<\/p>\n\n\t\t<\/div>\n\t<\/div>\n<\/div><\/div><\/div><div class=\"wpb_column vc_column_container vc_col-sm-6\"><div class=\"vc_column-inner\"><div class=\"wpb_wrapper\">\n\t<div class=\"wpb_text_column wpb_content_element\" >\n\t\t<div class=\"wpb_wrapper\">\n\t\t\t<p><img decoding=\"async\" loading=\"lazy\" class=\"alignnone wp-image-2098\" src=\"https:\/\/yakamoz.com\/stok2\/wp-content\/uploads\/2023\/02\/salgam.png\" alt=\"\" width=\"519\" height=\"539\" srcset=\"\" sizes=\"(max-width: 519px) 100vw, 519px\" data-srcset=\"\" \/><\/p>\n\n\t\t<\/div>\n\t<\/div>\n<\/div><\/div><\/div>\n\t\t\t\t<\/div>\n\t\t\t<\/div>\n<\/section>","protected":false},"excerpt":{"rendered":"Her G\u00fcn 1 Bardak \u015ealgam Suyu T\u00fcketirseniz Ne Olur? \u015ealgam suyu \u00e7ok faydal\u0131 bir i\u00e7ecektir. \u015ealgam suyu, v\u00fccuttaki toksinlerin at\u0131lmas\u0131na yard\u0131mc\u0131 olmas\u0131, idrar s\u00f6kt\u00fcr\u00fcc\u00fc etkisi, b\u00f6brek kumu ve ta\u015f\u0131n\u0131n d\u00fc\u015f\u00fcr\u00fclmesi, apse, dolama, kan \u00e7\u0131ban\u0131, ergenlik sivilceleri ve egzama tedavisine yard\u0131mc\u0131 olmas\u0131, g\u00f6\u011fs\u00fc yumu\u015fat\u0131c\u0131 etkisi, akci\u011fer ve bron\u015flar\u0131 temizleme \u00f6zelliklerinden dolay\u0131 fonksiyonel g\u0131da say\u0131lmaktad\u0131r. Hazmettirici bir [...]","protected":false},"author":1,"featured_media":0,"parent":0,"menu_order":0,"comment_status":"closed","ping_status":"closed","template":"","meta":[],"_links":{"self":[{"href":"https:\/\/yakamoz.com\/en\/wp-json\/wp\/v2\/pages\/2118"}],"collection":[{"href":"https:\/\/yakamoz.com\/en\/wp-json\/wp\/v2\/pages"}],"about":[{"href":"https:\/\/yakamoz.com\/en\/wp-json\/wp\/v2\/types\/page"}],"author":[{"embeddable":true,"href":"https:\/\/yakamoz.com\/en\/wp-json\/wp\/v2\/users\/1"}],"replies":[{"embeddable":true,"href":"https:\/\/yakamoz.com\/en\/wp-json\/wp\/v2\/comments?post=2118"}],"version-history":[{"count":4,"href":"https:\/\/yakamoz.com\/en\/wp-json\/wp\/v2\/pages\/2118\/revisions"}],"predecessor-version":[{"id":2833,"href":"https:\/\/yakamoz.com\/en\/wp-json\/wp\/v2\/pages\/2118\/revisions\/2833"}],"wp:attachment":[{"href":"https:\/\/yakamoz.com\/en\/wp-json\/wp\/v2\/media?parent=2118"}],"curies":[{"name":"wp","href":"https:\/\/api.w.org\/{rel}","templated":true}]}}