{"id":2112,"date":"2023-02-01T11:07:10","date_gmt":"2023-02-01T08:07:10","guid":{"rendered":"https:\/\/yakamoz.com\/stok2\/?page_id=2112"},"modified":"2023-02-23T15:28:27","modified_gmt":"2023-02-23T12:28:27","slug":"balzamik-sirke-nedir","status":"publish","type":"page","link":"https:\/\/yakamoz.com\/en\/balzamik-sirke-nedir\/","title":{"rendered":"What is Balsamic Vinegar?"},"content":{"rendered":"<section class=\"wpb-content-wrapper\"><div class=\"vc_row wpb_row vc_row-fluid\">\n\t\t\t\t<div   class=\"jws-vc-row-ovelay\"><\/div>\n                <div  class=\"jws-over-lay\"><\/div>\n\t\t\t\t<div class=\"container\">\n\t\t\t\t\t<div class=\"wpb_column vc_column_container vc_col-sm-12\"><div class=\"vc_column-inner\"><div class=\"wpb_wrapper\"><\/div><\/div><\/div><div class=\"wpb_column vc_column_container vc_col-sm-12\"><div class=\"vc_column-inner\"><div class=\"wpb_wrapper\"><div class=\"vc_empty_space\"   style=\"height: 32px\"><span class=\"vc_empty_space_inner\"><\/span><\/div><\/div><\/div><\/div>\n\t\t\t\t<\/div>\n\t\t\t<\/div><div class=\"vc_row wpb_row vc_row-fluid\">\n\t\t\t\t<div   class=\"jws-vc-row-ovelay\"><\/div>\n                <div  class=\"jws-over-lay\"><\/div>\n\t\t\t\t<div class=\"container\">\n\t\t\t\t\t<div class=\"wpb_column vc_column_container vc_col-sm-6\"><div class=\"vc_column-inner\"><div class=\"wpb_wrapper\">\n\t<div class=\"wpb_text_column wpb_content_element\" >\n\t\t<div class=\"wpb_wrapper\">\n\t\t\t<p><strong>What is Balsamic Vinegar?<\/strong><\/p>\n<ul>\n<li><strong>What is the content of balsamic vinegar, which gives a completely different taste to food even with a few drops?\u00a0<\/strong>It's normal for you to wonder.<\/li>\n<li><strong>Made from crushed and ripe grapes <\/strong>Balsamic vinegar is formed as a result of keeping the vinegar for a long time.<\/li>\n<li>Vinegar, which was generally mixed with honey in the Roman period, is used after a long waiting period after a natural acetic acid fermentation.<\/li>\n<li>Balsamic vinegar, which gains value as it waits for many years just like grape wine, is formed when the liquid obtained by boiling the grapes waits for many years and matures.<\/li>\n<li>from the ancients\u00a0<strong>vinegar stored in wooden barrels <\/strong>Today, it is kept in a glass bottle.<\/li>\n<li>We think that we have answered the question of what is the difference of balsamic vinegar compared to other vinegars.<\/li>\n<li>In fact, although the type of production is basically the same, balsamic vinegar stands out with the density of the materials used.<\/li>\n<\/ul>\n\n\t\t<\/div>\n\t<\/div>\n<\/div><\/div><\/div><div class=\"wpb_column vc_column_container vc_col-sm-6\"><div class=\"vc_column-inner\"><div class=\"wpb_wrapper\">\n\t<div class=\"wpb_text_column wpb_content_element\" >\n\t\t<div class=\"wpb_wrapper\">\n\t\t\t<p><img decoding=\"async\" loading=\"lazy\" class=\"alignnone wp-image-2095\" src=\"https:\/\/yakamoz.com\/stok2\/wp-content\/uploads\/2023\/02\/balsamic.png\" alt=\"\" width=\"424\" height=\"424\" srcset=\"\" sizes=\"(max-width: 424px) 100vw, 424px\" data-srcset=\"\" \/><\/p>\n\n\t\t<\/div>\n\t<\/div>\n<\/div><\/div><\/div><div class=\"wpb_column vc_column_container vc_col-sm-12\"><div class=\"vc_column-inner\"><div class=\"wpb_wrapper\"><\/div><\/div><\/div><div class=\"wpb_column vc_column_container vc_col-sm-12\"><div class=\"vc_column-inner\"><div class=\"wpb_wrapper\"><\/div><\/div><\/div>\n\t\t\t\t<\/div>\n\t\t\t<\/div><div class=\"vc_row wpb_row vc_row-fluid\">\n\t\t\t\t<div   class=\"jws-vc-row-ovelay\"><\/div>\n                <div  class=\"jws-over-lay\"><\/div>\n\t\t\t\t<div class=\"container\">\n\t\t\t\t\t<div class=\"wpb_column vc_column_container vc_col-sm-12\"><div class=\"vc_column-inner\"><div class=\"wpb_wrapper\"><\/div><\/div><\/div>\n\t\t\t\t<\/div>\n\t\t\t<\/div>\n<\/section>","protected":false},"excerpt":{"rendered":"Balzamik Sirke Nedir? Birka\u00e7 damlas\u0131yla bile yemeklere bamba\u015fka bir tat veren balzamik sirke i\u00e7eri\u011fi nedir\u00a0diye merak etmeniz \u00e7ok normal. Ezilmi\u015f ve olgunla\u015fm\u0131\u015f \u00fcz\u00fcmden elde edilen sirkenin uzun s\u00fcre bekletilmesi sonucu balzamik sirke olu\u015fur. Roma d\u00f6neminde genellikle bal ile kar\u0131\u015ft\u0131r\u0131larak kullan\u0131lan sirke, do\u011fal bir asetik asit fermantasyonundan sonra uzun bir bekleme s\u00fcresinden ge\u00e7irilerek kullan\u0131l\u0131r. T\u0131pk\u0131 \u00fcz\u00fcm [...]","protected":false},"author":1,"featured_media":0,"parent":0,"menu_order":0,"comment_status":"closed","ping_status":"closed","template":"","meta":[],"_links":{"self":[{"href":"https:\/\/yakamoz.com\/en\/wp-json\/wp\/v2\/pages\/2112"}],"collection":[{"href":"https:\/\/yakamoz.com\/en\/wp-json\/wp\/v2\/pages"}],"about":[{"href":"https:\/\/yakamoz.com\/en\/wp-json\/wp\/v2\/types\/page"}],"author":[{"embeddable":true,"href":"https:\/\/yakamoz.com\/en\/wp-json\/wp\/v2\/users\/1"}],"replies":[{"embeddable":true,"href":"https:\/\/yakamoz.com\/en\/wp-json\/wp\/v2\/comments?post=2112"}],"version-history":[{"count":4,"href":"https:\/\/yakamoz.com\/en\/wp-json\/wp\/v2\/pages\/2112\/revisions"}],"predecessor-version":[{"id":2739,"href":"https:\/\/yakamoz.com\/en\/wp-json\/wp\/v2\/pages\/2112\/revisions\/2739"}],"wp:attachment":[{"href":"https:\/\/yakamoz.com\/en\/wp-json\/wp\/v2\/media?parent=2112"}],"curies":[{"name":"wp","href":"https:\/\/api.w.org\/{rel}","templated":true}]}}