{"id":2109,"date":"2023-02-01T11:01:01","date_gmt":"2023-02-01T08:01:01","guid":{"rendered":"https:\/\/yakamoz.com\/stok2\/?page_id=2109"},"modified":"2023-02-23T15:35:54","modified_gmt":"2023-02-23T12:35:54","slug":"yeni-yakamoz-salata-soslarimiz-yakinda-raflarda","status":"publish","type":"page","link":"https:\/\/yakamoz.com\/en\/yeni-yakamoz-salata-soslarimiz-yakinda-raflarda\/","title":{"rendered":"Our New Yakamoz Salad Dressings Coming Soon"},"content":{"rendered":"<section class=\"wpb-content-wrapper\"><div class=\"vc_row wpb_row vc_row-fluid\">\n\t\t\t\t<div   class=\"jws-vc-row-ovelay\"><\/div>\n                <div  class=\"jws-over-lay\"><\/div>\n\t\t\t\t<div class=\"container\">\n\t\t\t\t\t<div class=\"wpb_column vc_column_container vc_col-sm-12\"><div class=\"vc_column-inner\"><div class=\"wpb_wrapper\"><\/div><\/div><\/div><div class=\"wpb_column vc_column_container vc_col-sm-12\"><div class=\"vc_column-inner\"><div class=\"wpb_wrapper\"><div class=\"vc_empty_space\"   style=\"height: 32px\"><span class=\"vc_empty_space_inner\"><\/span><\/div><\/div><\/div><\/div>\n\t\t\t\t<\/div>\n\t\t\t<\/div><div class=\"vc_row wpb_row vc_row-fluid\">\n\t\t\t\t<div   class=\"jws-vc-row-ovelay\"><\/div>\n                <div  class=\"jws-over-lay\"><\/div>\n\t\t\t\t<div class=\"container\">\n\t\t\t\t\t<div class=\"wpb_column vc_column_container vc_col-sm-6\"><div class=\"vc_column-inner\"><div class=\"wpb_wrapper\"><h2 style=\"text-align: left;font-family:Quicksand;font-weight:700;font-style:normal\" class=\"vc_custom_heading\" >Our New Yakamoz Salad Dressings Coming Soon<\/h2><h2 style=\"font-size: 25px;text-align: left;font-family:Quicksand;font-weight:400;font-style:normal\" class=\"vc_custom_heading\" >Aromatic Yakamoz Salad Dressings that will flavor your salads will be on the shelves soon.<\/p>\n<p>These unique sauces will be offered to our customers on a date to be determined.<\/h2><\/div><\/div><\/div><div class=\"wpb_column vc_column_container vc_col-sm-6\"><div class=\"vc_column-inner\"><div class=\"wpb_wrapper\">\n\t<div class=\"wpb_text_column wpb_content_element\" >\n\t\t<div class=\"wpb_wrapper\">\n\t\t\t<p><img decoding=\"async\" loading=\"lazy\" class=\"alignnone wp-image-2089\" src=\"https:\/\/yakamoz.com\/stok2\/wp-content\/uploads\/2023\/01\/H3.png\" alt=\"\" width=\"485\" height=\"484\" srcset=\"\" sizes=\"(max-width: 485px) 100vw, 485px\" data-srcset=\"\" \/><\/p>\n\n\t\t<\/div>\n\t<\/div>\n<\/div><\/div><\/div><div class=\"wpb_column vc_column_container vc_col-sm-12\"><div class=\"vc_column-inner\"><div class=\"wpb_wrapper\"><\/div><\/div><\/div>\n\t\t\t\t<\/div>\n\t\t\t<\/div>\n<\/section>","protected":false},"excerpt":{"rendered":"Yeni Yakamoz Salata Soslar\u0131m\u0131z Yak\u0131nda RaflardaSalatalar\u0131n\u0131z\u0131 lezzetlendirecek birbirinden aromatik Yakamoz Salata Soslar\u0131 yak\u0131nda raflardaki yerini alacak. Bu e\u015fsiz soslar belirlenecek olan tarihte m\u00fc\u015fterilerimize sunulacak.","protected":false},"author":1,"featured_media":0,"parent":0,"menu_order":0,"comment_status":"closed","ping_status":"closed","template":"","meta":[],"_links":{"self":[{"href":"https:\/\/yakamoz.com\/en\/wp-json\/wp\/v2\/pages\/2109"}],"collection":[{"href":"https:\/\/yakamoz.com\/en\/wp-json\/wp\/v2\/pages"}],"about":[{"href":"https:\/\/yakamoz.com\/en\/wp-json\/wp\/v2\/types\/page"}],"author":[{"embeddable":true,"href":"https:\/\/yakamoz.com\/en\/wp-json\/wp\/v2\/users\/1"}],"replies":[{"embeddable":true,"href":"https:\/\/yakamoz.com\/en\/wp-json\/wp\/v2\/comments?post=2109"}],"version-history":[{"count":4,"href":"https:\/\/yakamoz.com\/en\/wp-json\/wp\/v2\/pages\/2109\/revisions"}],"predecessor-version":[{"id":2849,"href":"https:\/\/yakamoz.com\/en\/wp-json\/wp\/v2\/pages\/2109\/revisions\/2849"}],"wp:attachment":[{"href":"https:\/\/yakamoz.com\/en\/wp-json\/wp\/v2\/media?parent=2109"}],"curies":[{"name":"wp","href":"https:\/\/api.w.org\/{rel}","templated":true}]}}