{"id":2106,"date":"2023-02-01T10:51:59","date_gmt":"2023-02-01T07:51:59","guid":{"rendered":"https:\/\/yakamoz.com\/stok2\/?page_id=2106"},"modified":"2023-02-23T15:28:55","modified_gmt":"2023-02-23T12:28:55","slug":"chicago-plma-fuarina-katildik","status":"publish","type":"page","link":"https:\/\/yakamoz.com\/en\/chicago-plma-fuarina-katildik\/","title":{"rendered":"We Attended Chicago PLMA Fair"},"content":{"rendered":"<section class=\"wpb-content-wrapper\"><div class=\"vc_row wpb_row vc_row-fluid\">\n\t\t\t\t<div   class=\"jws-vc-row-ovelay\"><\/div>\n                <div  class=\"jws-over-lay\"><\/div>\n\t\t\t\t<div class=\"container\">\n\t\t\t\t\t<div class=\"wpb_column vc_column_container vc_col-sm-12\"><div class=\"vc_column-inner\"><div class=\"wpb_wrapper\"><\/div><\/div><\/div><div class=\"wpb_column vc_column_container vc_col-sm-12\"><div class=\"vc_column-inner\"><div class=\"wpb_wrapper\"><div class=\"vc_empty_space\"   style=\"height: 32px\"><span class=\"vc_empty_space_inner\"><\/span><\/div><\/div><\/div><\/div>\n\t\t\t\t<\/div>\n\t\t\t<\/div><div class=\"vc_row wpb_row vc_row-fluid\">\n\t\t\t\t<div   class=\"jws-vc-row-ovelay\"><\/div>\n                <div  class=\"jws-over-lay\"><\/div>\n\t\t\t\t<div class=\"container\">\n\t\t\t\t\t<div class=\"wpb_column vc_column_container vc_col-sm-6\"><div class=\"vc_column-inner\"><div class=\"wpb_wrapper\"><h2 style=\"text-align: left;font-family:Quicksand;font-weight:700;font-style:normal\" class=\"vc_custom_heading\" >We Attended Chicago PLMA Fair Between 13-15 November<\/h2><h2 style=\"font-size: 25px;text-align: left;font-family:Quicksand;font-weight:400;font-style:normal\" class=\"vc_custom_heading\" >Yakamoz Sirke olarak, 13-15 Kas\u0131m tarihleri aras\u0131nda Cihcago, Amerika'da ger\u00e7ekle\u015fen PLMA 2022 Private Label Trade Show'da yer ald\u0131k.<\/p>\n<p>We would like to thank the sector representatives who visited our stand at PLMA Fair for their interest and support. We were happy to welcome them at our stand.<\/h2><\/div><\/div><\/div><div class=\"wpb_column vc_column_container vc_col-sm-6\"><div class=\"vc_column-inner\"><div class=\"wpb_wrapper\">\n\t<div class=\"wpb_text_column wpb_content_element\" >\n\t\t<div class=\"wpb_wrapper\">\n\t\t\t<p><img decoding=\"async\" loading=\"lazy\" class=\"alignnone wp-image-2088\" src=\"https:\/\/yakamoz.com\/stok2\/wp-content\/uploads\/2023\/01\/315373146_452635243712202_6350351826337688001_n.jpg\" alt=\"\" width=\"424\" height=\"424\" srcset=\"\" sizes=\"(max-width: 424px) 100vw, 424px\" data-srcset=\"\" \/><\/p>\n\n\t\t<\/div>\n\t<\/div>\n<\/div><\/div><\/div><div class=\"wpb_column vc_column_container vc_col-sm-12\"><div class=\"vc_column-inner\"><div class=\"wpb_wrapper\"><\/div><\/div><\/div>\n\t\t\t\t<\/div>\n\t\t\t<\/div>\n<\/section>","protected":false},"excerpt":{"rendered":"13-15 Kas\u0131m Tarihleri Aras\u0131 Chicago PLMA Fuar\u0131na Kat\u0131ld\u0131kYakamoz Sirke olarak, 13-15 Kas\u0131m tarihleri aras\u0131nda Cihcago, Amerika'da ger\u00e7ekle\u015fen PLMA 2022 Private Label Trade Show'da yer ald\u0131k. PLMA Fuar\u0131\u2019nda stand\u0131m\u0131z\u0131 ziyaret eden sekt\u00f6r temsilcilerine ilgilerinden ve desteklerinden dolay\u0131 te\u015fekk\u00fcr ederiz. Kendilerini stand\u0131m\u0131zda a\u011f\u0131rlamaktan mutluluk duyduk.","protected":false},"author":1,"featured_media":0,"parent":0,"menu_order":0,"comment_status":"closed","ping_status":"closed","template":"","meta":[],"_links":{"self":[{"href":"https:\/\/yakamoz.com\/en\/wp-json\/wp\/v2\/pages\/2106"}],"collection":[{"href":"https:\/\/yakamoz.com\/en\/wp-json\/wp\/v2\/pages"}],"about":[{"href":"https:\/\/yakamoz.com\/en\/wp-json\/wp\/v2\/types\/page"}],"author":[{"embeddable":true,"href":"https:\/\/yakamoz.com\/en\/wp-json\/wp\/v2\/users\/1"}],"replies":[{"embeddable":true,"href":"https:\/\/yakamoz.com\/en\/wp-json\/wp\/v2\/comments?post=2106"}],"version-history":[{"count":4,"href":"https:\/\/yakamoz.com\/en\/wp-json\/wp\/v2\/pages\/2106\/revisions"}],"predecessor-version":[{"id":2829,"href":"https:\/\/yakamoz.com\/en\/wp-json\/wp\/v2\/pages\/2106\/revisions\/2829"}],"wp:attachment":[{"href":"https:\/\/yakamoz.com\/en\/wp-json\/wp\/v2\/media?parent=2106"}],"curies":[{"name":"wp","href":"https:\/\/api.w.org\/{rel}","templated":true}]}}