{"id":2006,"date":"2023-01-20T12:51:29","date_gmt":"2023-01-20T09:51:29","guid":{"rendered":"https:\/\/yakamoz.com\/stok2\/?page_id=2006"},"modified":"2023-02-23T15:23:15","modified_gmt":"2023-02-23T12:23:15","slug":"katalog","status":"publish","type":"page","link":"https:\/\/yakamoz.com\/en\/katalog\/","title":{"rendered":"CATALOG"},"content":{"rendered":"<section class=\"wpb-content-wrapper\"><div class=\"vc_row wpb_row vc_row-fluid\">\n\t\t\t\t<div   class=\"jws-vc-row-ovelay\"><\/div>\n                <div  class=\"jws-over-lay\"><\/div>\n\t\t\t\t<div class=\"container\">\n\t\t\t\t\t<div class=\"wpb_column vc_column_container vc_col-sm-12\"><div class=\"vc_column-inner\"><div class=\"wpb_wrapper\"><div class=\"vc_empty_space\"   style=\"height: 32px\"><span class=\"vc_empty_space_inner\"><\/span><\/div><\/div><\/div><\/div>\n\t\t\t\t<\/div>\n\t\t\t<\/div><div class=\"vc_row wpb_row vc_row-fluid\">\n\t\t\t\t<div   class=\"jws-vc-row-ovelay\"><\/div>\n                <div  class=\"jws-over-lay\"><\/div>\n\t\t\t\t<div class=\"container\">\n\t\t\t\t\t<div class=\"wpb_column vc_column_container vc_col-sm-6\"><div class=\"vc_column-inner\"><div class=\"wpb_wrapper\">\n\t<div  class=\"wpb_single_image wpb_content_element vc_align_left\">\n\t\t\n\t\t<figure class=\"wpb_wrapper vc_figure\">\n\t\t\t<div class=\"vc_single_image-wrapper   vc_box_border_grey\"><img width=\"900\" height=\"912\" src=\"https:\/\/yakamoz.com\/wp-content\/uploads\/2023\/01\/catalog-1066x1080.png\" class=\"vc_single_image-img attachment-large\" alt=\"\" decoding=\"async\" loading=\"lazy\" title=\"\" srcset=\"https:\/\/yakamoz.com\/wp-content\/uploads\/2023\/01\/catalog-1066x1080.png 1066w, https:\/\/yakamoz.com\/wp-content\/uploads\/2023\/01\/catalog-100x100.png 100w, https:\/\/yakamoz.com\/wp-content\/uploads\/2023\/01\/catalog-570x578.png 570w, https:\/\/yakamoz.com\/wp-content\/uploads\/2023\/01\/catalog-296x300.png 296w, https:\/\/yakamoz.com\/wp-content\/uploads\/2023\/01\/catalog-768x778.png 768w, https:\/\/yakamoz.com\/wp-content\/uploads\/2023\/01\/catalog-1516x1536.png 1516w, https:\/\/yakamoz.com\/wp-content\/uploads\/2023\/01\/catalog.png 1974w\" sizes=\"(max-width: 900px) 100vw, 900px\" \/><\/div>\n\t\t<\/figure>\n\t<\/div>\n<\/div><\/div><\/div><div class=\"wpb_column vc_column_container vc_col-sm-6\"><div class=\"vc_column-inner\"><div class=\"wpb_wrapper\">\n\t<div class=\"wpb_text_column wpb_content_element\" >\n\t\t<div class=\"wpb_wrapper\">\n\t\t\t<h1>2022 CATALOG<\/h1>\n<p class=\"lead\">Our online catalog where you can reach all our products with the most up-to-date version is with you!<\/p>\n\n\t\t<\/div>\n\t<\/div>\n<div class=\"vc_btn3-container vc_btn3-center\" ><a class=\"vc_general vc_btn3 vc_btn3-size-md vc_btn3-shape-rounded vc_btn3-style-modern vc_btn3-color-black\" href=\"http:\/\/yakamoz.com\/wp-content\/uploads\/2023\/01\/Yakamoz_2022_Katalog.pdf\" title=\"\" target=\"_blank\">DOWNLOAD<\/a><\/div><\/div><\/div><\/div>\n\t\t\t\t<\/div>\n\t\t\t<\/div>\n<\/section>","protected":false},"excerpt":{"rendered":"2022 KATALOG En g\u00fcncel hali ile t\u00fcm \u00fcr\u00fcnlerimize ula\u015fabilece\u011finiz online katalo\u011fumuz sizlerle! \u0130ND\u0130R","protected":false},"author":1,"featured_media":0,"parent":0,"menu_order":0,"comment_status":"closed","ping_status":"closed","template":"","meta":[],"_links":{"self":[{"href":"https:\/\/yakamoz.com\/en\/wp-json\/wp\/v2\/pages\/2006"}],"collection":[{"href":"https:\/\/yakamoz.com\/en\/wp-json\/wp\/v2\/pages"}],"about":[{"href":"https:\/\/yakamoz.com\/en\/wp-json\/wp\/v2\/types\/page"}],"author":[{"embeddable":true,"href":"https:\/\/yakamoz.com\/en\/wp-json\/wp\/v2\/users\/1"}],"replies":[{"embeddable":true,"href":"https:\/\/yakamoz.com\/en\/wp-json\/wp\/v2\/comments?post=2006"}],"version-history":[{"count":4,"href":"https:\/\/yakamoz.com\/en\/wp-json\/wp\/v2\/pages\/2006\/revisions"}],"predecessor-version":[{"id":2824,"href":"https:\/\/yakamoz.com\/en\/wp-json\/wp\/v2\/pages\/2006\/revisions\/2824"}],"wp:attachment":[{"href":"https:\/\/yakamoz.com\/en\/wp-json\/wp\/v2\/media?parent=2006"}],"curies":[{"name":"wp","href":"https:\/\/api.w.org\/{rel}","templated":true}]}}